{"id":12118,"date":"2025-10-13T10:55:44","date_gmt":"2025-10-13T08:55:44","guid":{"rendered":"https:\/\/tourinbrazil.com\/produto\/villas-de-trancoso-hotel-resort-trancoso-ba\/"},"modified":"2025-11-16T20:10:40","modified_gmt":"2025-11-16T19:10:40","slug":"villas-de-trancoso-hotel-resort-trancoso-ba","status":"publish","type":"product","link":"https:\/\/tourinbrazil.com\/it\/produto\/villas-de-trancoso-hotel-resort-trancoso-ba\/","title":{"rendered":"Villas de Trancoso Hotel &amp; Resort &#8211; Trancoso (BA)"},"content":{"rendered":"\t\t<div data-elementor-type=\"product-post\" data-elementor-id=\"12118\" class=\"elementor elementor-12118 elementor-9771\" data-elementor-post-type=\"product\">\n\t\t\t\t\t\t<section class=\"elementor-section elementor-top-section elementor-element elementor-element-ea87e01 elementor-section-full_width elementor-section-height-default elementor-section-height-default\" data-id=\"ea87e01\" data-element_type=\"section\" data-e-type=\"section\">\n\t\t\t\t\t\t<div class=\"elementor-container elementor-column-gap-default\">\n\t\t\t\t\t<div class=\"elementor-column elementor-col-100 elementor-top-column elementor-element elementor-element-86ade86\" data-id=\"86ade86\" data-element_type=\"column\" data-e-type=\"column\">\n\t\t\t<div class=\"elementor-widget-wrap elementor-element-populated\">\n\t\t\t\t\t\t<div class=\"elementor-element elementor-element-547a837 elementor-widget elementor-widget-text-editor\" data-id=\"547a837\" data-element_type=\"widget\" data-e-type=\"widget\" data-widget_type=\"text-editor.default\">\n\t\t\t\t\t\t\t\t\t<p><strong>Tariffa giornaliera:<\/strong> \u20ac 611<\/p><p><strong>Include: <\/strong><span style=\"font-weight: 400;\">colazione, pulizia giornaliera, piscina, minibar (alcune camere)<\/span><\/p><p><strong>Pacchetti campione:<\/strong><\/p><ul><li><p>3 giorni\/2 notti: \u20ac 1.222 \u2014 B&amp;B + drink di benvenuto<\/p><\/li><li><p>5 giorni\/4 notti: \u20ac 2.444 \u2014 B&amp;B + 1 cena + trasferimento<\/p><\/li><li><p>7 giorni\/6 notti: \u20ac 3.666 \u2014 B&amp;B + 2 cene + tour locale + late check-out<\/p><\/li><\/ul><p><strong>Politica sui bambini: <\/strong>i bambini di tutte le et\u00e0 sono i benvenuti.<\/p><p><strong>Tariffa bambini: <\/strong>met\u00e0 prezzo<\/p>\t\t\t\t\t\t\t\t<\/div>\n\t\t\t\t\t<\/div>\n\t\t<\/div>\n\t\t\t\t\t<\/div>\n\t\t<\/section>\n\t\t\t\t<\/div>\n\t\t","protected":false},"excerpt":{"rendered":"<p>Circondato dalla Foresta Atlantica e situato su una delle spiagge pi\u00f9 belle di Trancoso, in Brasile, Villas de Trancoso \u00e8 un hotel e resort che \u00e8 ben lungi dall&#8217;essere una destinazione ordinaria.<\/p>\n","protected":false},"featured_media":12114,"template":"","meta":{"_joinchat":[]},"product_brand":[],"product_cat":[172,170],"product_tag":[],"class_list":{"0":"post-12118","1":"product","2":"type-product","3":"status-publish","4":"has-post-thumbnail","6":"product_cat-bahia","7":"product_cat-hotel","9":"first","10":"instock","11":"shipping-taxable","12":"purchasable","13":"product-type-variable"},"yoast_head":"<!-- This site is optimized with the Yoast SEO plugin v27.0 - https:\/\/yoast.com\/product\/yoast-seo-wordpress\/ -->\n<title>Villas de Trancoso Hotel &amp; Resort - Trancoso (BA) - Tour in Brazil<\/title>\n<meta name=\"robots\" content=\"index, follow, max-snippet:-1, max-image-preview:large, max-video-preview:-1\" \/>\n<link rel=\"canonical\" href=\"https:\/\/tourinbrazil.com\/it\/produto\/villas-de-trancoso-hotel-resort-trancoso-ba\/\" \/>\n<meta property=\"og:locale\" content=\"it_IT\" \/>\n<meta property=\"og:type\" content=\"article\" \/>\n<meta property=\"og:title\" content=\"Villas de Trancoso Hotel &amp; Resort - Trancoso (BA) - Tour in Brazil\" \/>\n<meta property=\"og:description\" content=\"Circondato dalla Foresta Atlantica e situato su una delle spiagge pi\u00f9 belle di Trancoso, in Brasile, Villas de Trancoso \u00e8 un hotel e resort che \u00e8 ben lungi dall&#039;essere una destinazione ordinaria.\" \/>\n<meta property=\"og:url\" content=\"https:\/\/tourinbrazil.com\/it\/produto\/villas-de-trancoso-hotel-resort-trancoso-ba\/\" \/>\n<meta property=\"og:site_name\" content=\"Tour in Brazil\" \/>\n<meta property=\"article:modified_time\" content=\"2025-11-16T19:10:40+00:00\" \/>\n<meta property=\"og:image\" content=\"https:\/\/tourinbrazil.com\/wp-content\/uploads\/2025\/10\/Imagem-1-Villas-de-Trancoso-Hotel-e-Resort-1024x541-1.webp\" \/>\n\t<meta property=\"og:image:width\" content=\"1024\" \/>\n\t<meta property=\"og:image:height\" content=\"541\" \/>\n\t<meta property=\"og:image:type\" content=\"image\/webp\" \/>\n<meta name=\"twitter:card\" content=\"summary_large_image\" \/>\n<script type=\"application\/ld+json\" class=\"yoast-schema-graph\">{\"@context\":\"https:\/\/schema.org\",\"@graph\":[{\"@type\":\"WebPage\",\"@id\":\"https:\/\/tourinbrazil.com\/it\/produto\/villas-de-trancoso-hotel-resort-trancoso-ba\/\",\"url\":\"https:\/\/tourinbrazil.com\/it\/produto\/villas-de-trancoso-hotel-resort-trancoso-ba\/\",\"name\":\"Villas de Trancoso Hotel &amp; Resort - Trancoso (BA) - Tour in Brazil\",\"isPartOf\":{\"@id\":\"https:\/\/tourinbrazil.com\/it\/#website\"},\"primaryImageOfPage\":{\"@id\":\"https:\/\/tourinbrazil.com\/it\/produto\/villas-de-trancoso-hotel-resort-trancoso-ba\/#primaryimage\"},\"image\":{\"@id\":\"https:\/\/tourinbrazil.com\/it\/produto\/villas-de-trancoso-hotel-resort-trancoso-ba\/#primaryimage\"},\"thumbnailUrl\":\"https:\/\/tourinbrazil.com\/wp-content\/uploads\/2025\/10\/Imagem-1-Villas-de-Trancoso-Hotel-e-Resort-1024x541-1.webp\",\"datePublished\":\"2025-10-13T08:55:44+00:00\",\"dateModified\":\"2025-11-16T19:10:40+00:00\",\"breadcrumb\":{\"@id\":\"https:\/\/tourinbrazil.com\/it\/produto\/villas-de-trancoso-hotel-resort-trancoso-ba\/#breadcrumb\"},\"inLanguage\":\"it-IT\",\"potentialAction\":[{\"@type\":\"ReadAction\",\"target\":[\"https:\/\/tourinbrazil.com\/it\/produto\/villas-de-trancoso-hotel-resort-trancoso-ba\/\"]}]},{\"@type\":\"ImageObject\",\"inLanguage\":\"it-IT\",\"@id\":\"https:\/\/tourinbrazil.com\/it\/produto\/villas-de-trancoso-hotel-resort-trancoso-ba\/#primaryimage\",\"url\":\"https:\/\/tourinbrazil.com\/wp-content\/uploads\/2025\/10\/Imagem-1-Villas-de-Trancoso-Hotel-e-Resort-1024x541-1.webp\",\"contentUrl\":\"https:\/\/tourinbrazil.com\/wp-content\/uploads\/2025\/10\/Imagem-1-Villas-de-Trancoso-Hotel-e-Resort-1024x541-1.webp\",\"width\":1024,\"height\":541},{\"@type\":\"BreadcrumbList\",\"@id\":\"https:\/\/tourinbrazil.com\/it\/produto\/villas-de-trancoso-hotel-resort-trancoso-ba\/#breadcrumb\",\"itemListElement\":[{\"@type\":\"ListItem\",\"position\":1,\"name\":\"In\u00edcio\",\"item\":\"https:\/\/tourinbrazil.com\/it\/\"},{\"@type\":\"ListItem\",\"position\":2,\"name\":\"Negozio\",\"item\":\"https:\/\/tourinbrazil.com\/it\/negozio\/\"},{\"@type\":\"ListItem\",\"position\":3,\"name\":\"Villas de Trancoso Hotel &amp; Resort &#8211; Trancoso (BA)\"}]},{\"@type\":\"WebSite\",\"@id\":\"https:\/\/tourinbrazil.com\/it\/#website\",\"url\":\"https:\/\/tourinbrazil.com\/it\/\",\"name\":\"Tour in Brazil\",\"description\":\"Enjoy your Best Travel\",\"publisher\":{\"@id\":\"https:\/\/tourinbrazil.com\/it\/#organization\"},\"alternateName\":\"Tour in Brazil\",\"potentialAction\":[{\"@type\":\"SearchAction\",\"target\":{\"@type\":\"EntryPoint\",\"urlTemplate\":\"https:\/\/tourinbrazil.com\/it\/?s={search_term_string}\"},\"query-input\":{\"@type\":\"PropertyValueSpecification\",\"valueRequired\":true,\"valueName\":\"search_term_string\"}}],\"inLanguage\":\"it-IT\"},{\"@type\":\"Organization\",\"@id\":\"https:\/\/tourinbrazil.com\/it\/#organization\",\"name\":\"Tour in Brazil\",\"alternateName\":\"Tour in Brazil\",\"url\":\"https:\/\/tourinbrazil.com\/it\/\",\"logo\":{\"@type\":\"ImageObject\",\"inLanguage\":\"it-IT\",\"@id\":\"https:\/\/tourinbrazil.com\/it\/#\/schema\/logo\/image\/\",\"url\":\"https:\/\/tourinbrazil.com\/wp-content\/uploads\/2025\/10\/icon-tour-atualizado.png\",\"contentUrl\":\"https:\/\/tourinbrazil.com\/wp-content\/uploads\/2025\/10\/icon-tour-atualizado.png\",\"width\":100,\"height\":146,\"caption\":\"Tour in Brazil\"},\"image\":{\"@id\":\"https:\/\/tourinbrazil.com\/it\/#\/schema\/logo\/image\/\"}}]}<\/script>\n<!-- \/ Yoast SEO plugin. -->","yoast_head_json":{"title":"Villas de Trancoso Hotel &amp; Resort - Trancoso (BA) - Tour in Brazil","robots":{"index":"index","follow":"follow","max-snippet":"max-snippet:-1","max-image-preview":"max-image-preview:large","max-video-preview":"max-video-preview:-1"},"canonical":"https:\/\/tourinbrazil.com\/it\/produto\/villas-de-trancoso-hotel-resort-trancoso-ba\/","og_locale":"it_IT","og_type":"article","og_title":"Villas de Trancoso Hotel &amp; Resort - Trancoso (BA) - Tour in Brazil","og_description":"Circondato dalla Foresta Atlantica e situato su una delle spiagge pi\u00f9 belle di Trancoso, in Brasile, Villas de Trancoso \u00e8 un hotel e resort che \u00e8 ben lungi dall'essere una destinazione ordinaria.","og_url":"https:\/\/tourinbrazil.com\/it\/produto\/villas-de-trancoso-hotel-resort-trancoso-ba\/","og_site_name":"Tour in Brazil","article_modified_time":"2025-11-16T19:10:40+00:00","og_image":[{"width":1024,"height":541,"url":"https:\/\/tourinbrazil.com\/wp-content\/uploads\/2025\/10\/Imagem-1-Villas-de-Trancoso-Hotel-e-Resort-1024x541-1.webp","type":"image\/webp"}],"twitter_card":"summary_large_image","schema":{"@context":"https:\/\/schema.org","@graph":[{"@type":"WebPage","@id":"https:\/\/tourinbrazil.com\/it\/produto\/villas-de-trancoso-hotel-resort-trancoso-ba\/","url":"https:\/\/tourinbrazil.com\/it\/produto\/villas-de-trancoso-hotel-resort-trancoso-ba\/","name":"Villas de Trancoso Hotel &amp; Resort - Trancoso (BA) - Tour in Brazil","isPartOf":{"@id":"https:\/\/tourinbrazil.com\/it\/#website"},"primaryImageOfPage":{"@id":"https:\/\/tourinbrazil.com\/it\/produto\/villas-de-trancoso-hotel-resort-trancoso-ba\/#primaryimage"},"image":{"@id":"https:\/\/tourinbrazil.com\/it\/produto\/villas-de-trancoso-hotel-resort-trancoso-ba\/#primaryimage"},"thumbnailUrl":"https:\/\/tourinbrazil.com\/wp-content\/uploads\/2025\/10\/Imagem-1-Villas-de-Trancoso-Hotel-e-Resort-1024x541-1.webp","datePublished":"2025-10-13T08:55:44+00:00","dateModified":"2025-11-16T19:10:40+00:00","breadcrumb":{"@id":"https:\/\/tourinbrazil.com\/it\/produto\/villas-de-trancoso-hotel-resort-trancoso-ba\/#breadcrumb"},"inLanguage":"it-IT","potentialAction":[{"@type":"ReadAction","target":["https:\/\/tourinbrazil.com\/it\/produto\/villas-de-trancoso-hotel-resort-trancoso-ba\/"]}]},{"@type":"ImageObject","inLanguage":"it-IT","@id":"https:\/\/tourinbrazil.com\/it\/produto\/villas-de-trancoso-hotel-resort-trancoso-ba\/#primaryimage","url":"https:\/\/tourinbrazil.com\/wp-content\/uploads\/2025\/10\/Imagem-1-Villas-de-Trancoso-Hotel-e-Resort-1024x541-1.webp","contentUrl":"https:\/\/tourinbrazil.com\/wp-content\/uploads\/2025\/10\/Imagem-1-Villas-de-Trancoso-Hotel-e-Resort-1024x541-1.webp","width":1024,"height":541},{"@type":"BreadcrumbList","@id":"https:\/\/tourinbrazil.com\/it\/produto\/villas-de-trancoso-hotel-resort-trancoso-ba\/#breadcrumb","itemListElement":[{"@type":"ListItem","position":1,"name":"In\u00edcio","item":"https:\/\/tourinbrazil.com\/it\/"},{"@type":"ListItem","position":2,"name":"Negozio","item":"https:\/\/tourinbrazil.com\/it\/negozio\/"},{"@type":"ListItem","position":3,"name":"Villas de Trancoso Hotel &amp; Resort &#8211; Trancoso (BA)"}]},{"@type":"WebSite","@id":"https:\/\/tourinbrazil.com\/it\/#website","url":"https:\/\/tourinbrazil.com\/it\/","name":"Tour in Brazil","description":"Enjoy your Best Travel","publisher":{"@id":"https:\/\/tourinbrazil.com\/it\/#organization"},"alternateName":"Tour in Brazil","potentialAction":[{"@type":"SearchAction","target":{"@type":"EntryPoint","urlTemplate":"https:\/\/tourinbrazil.com\/it\/?s={search_term_string}"},"query-input":{"@type":"PropertyValueSpecification","valueRequired":true,"valueName":"search_term_string"}}],"inLanguage":"it-IT"},{"@type":"Organization","@id":"https:\/\/tourinbrazil.com\/it\/#organization","name":"Tour in Brazil","alternateName":"Tour in Brazil","url":"https:\/\/tourinbrazil.com\/it\/","logo":{"@type":"ImageObject","inLanguage":"it-IT","@id":"https:\/\/tourinbrazil.com\/it\/#\/schema\/logo\/image\/","url":"https:\/\/tourinbrazil.com\/wp-content\/uploads\/2025\/10\/icon-tour-atualizado.png","contentUrl":"https:\/\/tourinbrazil.com\/wp-content\/uploads\/2025\/10\/icon-tour-atualizado.png","width":100,"height":146,"caption":"Tour in Brazil"},"image":{"@id":"https:\/\/tourinbrazil.com\/it\/#\/schema\/logo\/image\/"}}]}},"_links":{"self":[{"href":"https:\/\/tourinbrazil.com\/it\/wp-json\/wp\/v2\/product\/12118","targetHints":{"allow":["GET"]}}],"collection":[{"href":"https:\/\/tourinbrazil.com\/it\/wp-json\/wp\/v2\/product"}],"about":[{"href":"https:\/\/tourinbrazil.com\/it\/wp-json\/wp\/v2\/types\/product"}],"version-history":[{"count":1,"href":"https:\/\/tourinbrazil.com\/it\/wp-json\/wp\/v2\/product\/12118\/revisions"}],"predecessor-version":[{"id":12122,"href":"https:\/\/tourinbrazil.com\/it\/wp-json\/wp\/v2\/product\/12118\/revisions\/12122"}],"wp:featuredmedia":[{"embeddable":true,"href":"https:\/\/tourinbrazil.com\/it\/wp-json\/wp\/v2\/media\/12114"}],"wp:attachment":[{"href":"https:\/\/tourinbrazil.com\/it\/wp-json\/wp\/v2\/media?parent=12118"}],"wp:term":[{"taxonomy":"product_brand","embeddable":true,"href":"https:\/\/tourinbrazil.com\/it\/wp-json\/wp\/v2\/product_brand?post=12118"},{"taxonomy":"product_cat","embeddable":true,"href":"https:\/\/tourinbrazil.com\/it\/wp-json\/wp\/v2\/product_cat?post=12118"},{"taxonomy":"product_tag","embeddable":true,"href":"https:\/\/tourinbrazil.com\/it\/wp-json\/wp\/v2\/product_tag?post=12118"}],"curies":[{"name":"wp","href":"https:\/\/api.w.org\/{rel}","templated":true}]}}