{"id":11714,"date":"2025-08-05T14:57:44","date_gmt":"2025-08-05T12:57:44","guid":{"rendered":"https:\/\/tourinbrazil.com\/informativa-sulla-privacy\/"},"modified":"2025-11-16T13:14:32","modified_gmt":"2025-11-16T12:14:32","slug":"informativa-sulla-privacy","status":"publish","type":"page","link":"https:\/\/tourinbrazil.com\/it\/informativa-sulla-privacy\/","title":{"rendered":"Informativa sulla privacy"},"content":{"rendered":"\t\t<div data-elementor-type=\"wp-page\" data-elementor-id=\"11714\" class=\"elementor elementor-11714 elementor-9178\" data-elementor-post-type=\"page\">\n\t\t\t\t<div class=\"elementor-element elementor-element-fdea649 e-flex e-con-boxed e-con e-parent\" data-id=\"fdea649\" data-element_type=\"container\" data-e-type=\"container\" data-settings=\"{&quot;background_background&quot;:&quot;classic&quot;}\">\n\t\t\t\t\t<div class=\"e-con-inner\">\n\t\t\t\t\t<\/div>\n\t\t\t\t<\/div>\n\t\t<div class=\"elementor-element elementor-element-087749e e-flex e-con-boxed e-con e-parent\" data-id=\"087749e\" data-element_type=\"container\" data-e-type=\"container\">\n\t\t\t\t\t<div class=\"e-con-inner\">\n\t\t\t\t<div class=\"elementor-element elementor-element-5156a22 elementor-widget elementor-widget-text-editor\" data-id=\"5156a22\" data-element_type=\"widget\" data-e-type=\"widget\" data-widget_type=\"text-editor.default\">\n\t\t\t\t\t\t\t\t\t<p><b>Ultima revisione: agosto 2024<\/b><\/p><p><span style=\"font-weight: 400;\">Tour in Brazil, tour operator. apprezza la vostra fiducia e si impegna a proteggere e utilizzare in modo responsabile le vostre informazioni. La presente Informativa sulla privacy \u00e8 stata redatta in modo chiaro e obiettivo, consentendo ai nostri utenti di comprendere facilmente il funzionamento del sito. Utilizzate il nostro sito con fiducia e prendete visione della nostra Informativa sulla privacy. Se avete domande, siamo a vostra disposizione. La vostra opinione \u00e8 molto importante per noi.     <\/span><\/p><p><span style=\"font-weight: 400;\">La presente Informativa sulla privacy spiega come archiviamo, utilizziamo, eliminiamo e proteggiamo le informazioni degli utenti quando accedono al nostro sito tramite l&#8217;URL<\/span> <span style=\"font-weight: 400;\"><a href=\"https:\/\/www.tourinbrazil.com.br\/it\/\">https:\/\/www.tourinbrazil.com<\/a><\/span><span style=\"font-weight: 400;\">.<\/span><\/p><p><span style=\"font-weight: 400;\">L&#8217;accettazione integrale della presente Informativa sulla privacy \u00e8 obbligatoria per qualsiasi accesso o utilizzo del Servizio. Se non siete d&#8217;accordo con la presente Informativa sulla privacy, non utilizzate i Servizi offerti dal nostro sito. La presente Informativa sulla privacy si applica a chiunque acceda ai Servizi offerti dal sito Tour in Brazil.  <\/span><\/p><ol><li><b> INFORMAZIONI RACCOLTE<\/b><\/li><\/ol><p><span style=\"font-weight: 400;\">Raccogliamo i seguenti tipi di informazioni dall&#8217;Utente per fornire e migliorare i nostri Servizi (\u201cInformazioni\u201d):<\/span><\/p><p><b>1.1. INFORMAZIONI DI REGISTRAZIONE E UTILIZZO DEL SITO<\/b><\/p><p><span style=\"font-weight: 400;\">Quando ti registri sul sito, raccogliamo le informazioni che ci fornisci, come il tuo nome, indirizzo e-mail e numero di telefono.<\/span><\/p><p><span style=\"font-weight: 400;\">Potremmo verificare i dati forniti consultando banche dati pubbliche o societ\u00e0 specializzate, essendo espressamente autorizzati a farlo.<\/span><\/p><p><span style=\"font-weight: 400;\">L&#8217;utente sar\u00e0 informato di eventuali nuovi dati che il sito dovr\u00e0 raccogliere e sar\u00e0 a sua discrezione decidere se fornire tali informazioni.<\/span><\/p><p><span style=\"font-weight: 400;\">In qualsiasi momento, puoi rivedere e aggiornare la tua registrazione e le tue informazioni di contatto, nonch\u00e9 richiedere la cancellazione definitiva dei tuoi dati personali o annullare la tua registrazione, salvo nei casi di conservazione per interessi legittimi previsti dalla legge applicabile.<\/span><\/p><p><span style=\"font-weight: 400;\">Ci riserviamo il diritto di rimuovere dal Sito qualsiasi partecipante che non rispetti i Termini di utilizzo o che, durante la registrazione o l&#8217;utilizzo del sito, abbia alterato, falsificato o omesso dati o informazioni essenziali.<\/span><\/p><p><b>1.2. COOKIE, PIXEL TAG, FILE DI LOG, WEB BEACON E ALTRI<\/b><\/p><p><span style=\"font-weight: 400;\">Sul nostro Sito\/App potremmo utilizzare cookie e pixel tag che consentono la raccolta di informazioni sulla cronologia di navigazione dell&#8217;utente e altre informazioni. I cookie possono aiutare a salvare il nome utente per facilitare l&#8217;accesso, comprendere l&#8217;interazione dell&#8217;utente con i nostri Servizi, i suoi interessi, i dati demografici dei partecipanti e migliorare le prestazioni del sito. \u00c8 possibile configurare il browser in modo da bloccare i cookie, ma ci\u00f2 potrebbe limitare alcune funzionalit\u00e0 del Sito\/dell&#8217;App.  <\/span><\/p><p><span style=\"font-weight: 400;\">Potremmo conservare file di log che registrano le attivit\u00e0 relative all&#8217;uso del nostro Sito e dei suoi prodotti e servizi, come gli accessi al sito, il tipo e la qualit\u00e0 della connessione Internet, l&#8217;hardware e\/o il software e le funzionalit\u00e0 di un servizio utilizzato. Questi file di log possono essere utilizzati per monitorare il traffico sul nostro Sito e risolvere problemi tecnici. <\/span><\/p><p><span style=\"font-weight: 400;\">Possiamo utilizzare web beacon per tracciare in modo anonimo i modelli di utilizzo online dei Clienti e degli Utenti, ad esempio quali e-mail vengono aperte e quali link vengono cliccati dai destinatari. Le informazioni raccolte possono identificare siti, servizi, funzionalit\u00e0 e prodotti popolari, che verranno utilizzati per personalizzare i nostri prodotti e servizi. <\/span><\/p><p><span style=\"font-weight: 400;\">Potremmo anche consentire a terzi di applicare cookie, web beacon e file di log o tecnologie simili sul nostro Sito o nelle e-mail da noi inviate per misurare le tendenze del traffico e altre informazioni che ci aiuteranno ad analizzare e migliorare il Servizio offerto dal sito.<\/span><\/p><p><span style=\"font-weight: 400;\">Potremmo anche raccogliere informazioni sui dispositivi utilizzati per accedere ai Servizi, inclusi l&#8217;ora, l&#8217;indirizzo IP, il tipo di browser e il dispositivo, la pagina web visitata prima di accedere ai nostri siti e gli identificatori associati ai dispositivi.<\/span><\/p><p><span style=\"font-weight: 400;\">LE INFORMAZIONI RACCOLTE NEL PRESENTE PUNTO 1.2 SARANNO UTILIZZATE PER MIGLIORARE I NOSTRI SERVIZI, NONCH\u00c9, POTENZIALMENTE, PER FORNIRE E OFFRIRE PUBBLICIT\u00c0 PERSONALIZZATA, MONITORARE L&#8217;EFFICACIA DEI SERVIZI, ATTRAVERSO L&#8217;ANALISI DEL NUMERO DI VISITATORI, DEL TRAFFICO, DELL&#8217;UTILIZZO E DEI MODELLI DEMOGRAFICI, E PER RISOLVERE PROBLEMI TECNOLOGICI.<\/span><\/p><p><b>1.3. MARKETING<\/b><\/p><p><span style=\"font-weight: 400;\">Registrandoti sul nostro sito, riceverai periodicamente via e-mail informazioni su nuovi aggiornamenti, prodotti e servizi, anche da aziende partner. Puoi scegliere di non ricevere pi\u00f9 i nostri materiali di marketing in qualsiasi momento cliccando sul link \u201cAnnulla iscrizione\u201d presente in ogni e-mail ricevuta. <\/span><\/p><ol start=\"2\"><li><b> UTILIZZO DELLE INFORMAZIONI<\/b><\/li><\/ol><p><b>2.1. TRATTAMENTO DEI DATI<\/b><\/p><p><span style=\"font-weight: 400;\">Per fornire i servizi offerti dal sito e altre funzionalit\u00e0, archiviamo, elaboriamo e trasmettiamo i tuoi dati, i tuoi file e le informazioni in essi contenute.<\/span><\/p><p><span style=\"font-weight: 400;\">Accettando la presente Informativa sulla privacy, acconsenti espressamente al trattamento dei tuoi dati personali da parte nostra, essenziale per l&#8217;utilizzo dei nostri servizi.<\/span><\/p><p><b>2.2. POSSIAMO UTILIZZARE LE INFORMAZIONI SOPRA ELENCATE PER I SEGUENTI SCOPI, A TITOLO ESEMPLIFICATIVO MA NON ESAUSTIVO:<\/b><\/p><ul><li style=\"font-weight: 400;\" aria-level=\"1\"><span style=\"font-weight: 400;\">Creare l&#8217;account e le registrazioni necessarie per consentire l&#8217;interazione dell&#8217;utente con il sito;<\/span><\/li><li style=\"font-weight: 400;\" aria-level=\"1\"><span style=\"font-weight: 400;\">Verificare l&#8217;identit\u00e0 dell&#8217;utente e prevenire frodi;<\/span><\/li><li style=\"font-weight: 400;\" aria-level=\"1\"><span style=\"font-weight: 400;\">Analizzare statistiche e dati di utilizzo per migliorare l&#8217;esperienza dell&#8217;utente;<\/span><\/li><li style=\"font-weight: 400;\" aria-level=\"1\"><span style=\"font-weight: 400;\">Consentire un&#8217;esperienza utente compatibile con le sue esigenze;<\/span><\/li><li style=\"font-weight: 400;\" aria-level=\"1\"><span style=\"font-weight: 400;\">Registrare le informazioni di accesso in modo che non sia necessario completarle ogni volta che ci si connette al sito;<\/span><\/li><li style=\"font-weight: 400;\" aria-level=\"1\"><span style=\"font-weight: 400;\">Migliorare, testare e monitorare l&#8217;efficienza del nostro sito e del nostro software;<\/span><\/li><li style=\"font-weight: 400;\" aria-level=\"1\"><span style=\"font-weight: 400;\">Sviluppare e testare nuovi prodotti e strumenti nel nostro servizio;<\/span><\/li><li style=\"font-weight: 400;\" aria-level=\"1\"><span style=\"font-weight: 400;\">Monitorare le informazioni rilevanti per il sito, come il profilo, i dati e le informazioni incluse, per verificare eventuali violazioni delle regole stabilite sul sito;<\/span><\/li><li style=\"font-weight: 400;\" aria-level=\"1\"><span style=\"font-weight: 400;\">Diagnosticare e correggere eventuali problemi e difetti del sistema sul sito;<\/span><\/li><li style=\"font-weight: 400;\" aria-level=\"1\"><span style=\"font-weight: 400;\">Offrire nuovi prodotti e servizi all&#8217;utente;<\/span><\/li><li style=\"font-weight: 400;\" aria-level=\"1\"><span style=\"font-weight: 400;\">Aggiornare automaticamente il sito o qualsiasi software relativo al servizio.<\/span><\/li><\/ul><ol start=\"3\"><li><b> CONDIVISIONE DELLE INFORMAZIONI DELL&#8217;UTENTE<\/b><\/li><\/ol><p><span style=\"font-weight: 400;\">Non renderemo disponibili le informazioni e i file dell&#8217;utente a terzi senza il suo previo ed espresso consenso, salvo nei casi previsti dalla presente Informativa sulla privacy.<\/span><\/p><p><span style=\"font-weight: 400;\">L&#8217;accesso alle informazioni raccolte \u00e8 limitato ai dipendenti e alle persone autorizzate a tale scopo. I dipendenti e\/o le persone autorizzate che utilizzano in modo improprio queste informazioni, violando l&#8217;Informativa sulla privacy, saranno soggetti alle sanzioni previste dal nostro processo disciplinare, senza escludere altre misure legali. <\/span><\/p><p><b>3.1. POSSIAMO CONDIVIDERE ALCUNE INFORMAZIONI RACCOLTE DAGLI UTENTI ALLE SEGUENTI CONDIZIONI:<\/b><\/p><ul><li style=\"font-weight: 400;\" aria-level=\"1\"><span style=\"font-weight: 400;\">Con terze parti che ci assistono nella fornitura del Sito, che avranno accesso alle Informazioni e ai Contenuti, nella misura ragionevolmente necessaria per la fornitura e il miglioramento del Servizio.<\/span><\/li><li style=\"font-weight: 400;\" aria-level=\"1\"><span style=\"font-weight: 400;\">Con terze parti responsabili della pubblicit\u00e0 o degli annunci pubblicitari visualizzati attraverso il Sito, considerando che tali informazioni saranno utili per indirizzare e\/o orientare la pubblicit\u00e0 e gli annunci pubblicitari soprattutto nell&#8217;interesse dell&#8217;Utente.<\/span><\/li><li style=\"font-weight: 400;\" aria-level=\"1\"><span style=\"font-weight: 400;\">Con aziende partner, in particolare per l&#8217;invio di e-mail di marketing relative ad aggiornamenti, prodotti e servizi dei partner, per i quali l&#8217;Utente autorizza espressamente la condivisione e il trattamento dei propri dati personali.<\/span><\/li><li style=\"font-weight: 400;\" aria-level=\"1\"><span style=\"font-weight: 400;\">Per proteggere l&#8217;Utente, potremmo rimuovere dati\/informazioni o parte di dati\/informazioni che potrebbero identificare l&#8217;Utente e altri Clienti e Utenti quando forniamo dati ai nostri partner. Potremmo anche combinare le Informazioni e i Contenuti dell&#8217;Utente con quelli di altri utenti per rendere pi\u00f9 difficile associare tali informazioni all&#8217;Utente e proteggere le sue Informazioni e i suoi Contenuti, senza che tale comportamento costituisca un&#8217;assunzione di responsabilit\u00e0 da parte nostra. <\/span><\/li><\/ul><p><b>3.2. RICHIESTA LEGALE E PREVENZIONE DI DANNI<\/b><\/p><p><span style=\"font-weight: 400;\">Potremmo accedere, monitorare o condividere le vostre Informazioni o i vostri Contenuti se: (I) richiesto dall&#8217;autorit\u00e0 giudiziaria; (II) necessario per individuare, prevenire frodi o altre attivit\u00e0 illegali o attivit\u00e0 che violano la presente Informativa sulla privacy o i Termini di utilizzo; (III) danneggiare il funzionamento del sito o danneggiare in qualsiasi modo la nostra immagine.   <\/span><\/p><p><b>3.3. CAMBIAMENTO DEL CONTROLLO AZIENDALE<\/b><\/p><p><span style=\"font-weight: 400;\">Se decidiamo di vendere o trasferire il controllo o le risorse relative al sito a terzi, le informazioni dell&#8217;utente, quali nome, ragione sociale, indirizzo e-mail, contenuti e altre informazioni inserite o rese disponibili sul nostro sito, potrebbero essere incluse tra gli elementi venduti o trasferiti a terzi, senza alcun compenso o pagamento all&#8217;utente. Ci impegneremo affinch\u00e9 la terza parte acquirente attui una politica sulla privacy simile alla presente. <\/span><\/p><ol start=\"4\"><li><b> ARCHIVIAZIONE DELLE INFORMAZIONI<\/b><\/li><\/ol><p><span style=\"font-weight: 400;\">I Contenuti e le Informazioni forniti dall&#8217;utente, cos\u00ec come qualsiasi altra informazione relativa all&#8217;utente, potranno essere archiviati su qualsiasi server e in qualsiasi luogo.<\/span><\/p><p><span style=\"font-weight: 400;\">I dati forniti vengono registrati nel nostro database in modo automatizzato e conservati in totale sicurezza, senza intervento umano, e mantenuti su server ad alta sicurezza o su supporti magnetici. Adotteremo tutte le misure possibili per mantenere la riservatezza e la sicurezza delle informazioni riservate, ma non siamo responsabili per eventuali danni derivanti dalla divulgazione di tali informazioni da parte di terzi che utilizzano reti pubbliche o Internet, aggirando i sistemi di sicurezza per accedere alle informazioni degli utenti. <\/span><\/p><p><span style=\"font-weight: 400;\">Ci impegniamo ad adottare le migliori misure possibili per (i) mantenere l&#8217;integrit\u00e0 e la riservatezza delle informazioni fornite; e (ii) utilizzare i migliori sistemi e risorse di protezione disponibili attraverso la tecnologia digitale per impedire l&#8217;accesso non autorizzato e\/o l&#8217;uso improprio di tali dati da parte di terzi, incluse, tra le altre misure, firewall e Secure Socket Layers (\u201cSSL\u201d).  <\/span><\/p><p><span style=\"font-weight: 400;\">L&#8217;Utente \u00e8 l&#8217;unico responsabile del proprio nome utente e password e non deve fornirli a nessuno, mantenendoli segreti per impedire l&#8217;accesso non autorizzato al proprio profilo, alle Informazioni e\/o ai Contenuti attraverso il Sito\/l&#8217;App.<\/span><\/p><p><span style=\"font-weight: 400;\">Dopo la cancellazione o la disattivazione della registrazione, potremo conservare le Informazioni e\/o i Contenuti dell&#8217;utente per il periodo previsto dalla Legge 12.965 del 23 aprile 2014 (br), per motivi legali o per un periodo pi\u00f9 lungo qualora dovessero essere emanate nuove normative.<\/span><\/p><ol start=\"5\"><li><b> LINK ESTERNI<\/b><\/li><\/ol><p><span style=\"font-weight: 400;\">Gli annunci pubblicitari disponibili sul sito possono contenere link a siti esterni, il cui contenuto e le cui politiche sulla privacy non sono di nostra responsabilit\u00e0. Pertanto, raccomandiamo agli Utenti di consultare sempre le rispettive politiche sulla privacy quando vengono reindirizzati a siti esterni prima di acconsentire alla raccolta\/trattamento dei propri dati o informazioni. <\/span><\/p><ol start=\"6\"><li><b> AGGIORNAMENTI ALLA PRESENTE POLITICA<\/b><\/li><\/ol><p><span style=\"font-weight: 400;\">La presente Informativa sulla privacy pu\u00f2 essere modificata. In tal caso, pubblicheremo l&#8217;informativa sulla privacy aggiornata su questa pagina, con la nuova data di \u201cUltima revisione\u201d. <\/span><\/p><ol start=\"7\"><li><b> PER CONTATTARCI<\/b><\/li><\/ol><p><span style=\"font-weight: 400;\">Per qualsiasi domanda o commento sulla presente Informativa sulla privacy o sulle nostre pratiche in materia di privacy, contattaci all&#8217;indirizzo info@tourinbrazil.com.br.<\/span><\/p>\t\t\t\t\t\t\t\t<\/div>\n\t\t\t\t\t<\/div>\n\t\t\t\t<\/div>\n\t\t\t\t<\/div>\n\t\t","protected":false},"excerpt":{"rendered":"<p>Ultima revisione: agosto 2024 Tour in Brazil, tour operator. apprezza la vostra fiducia e si impegna a proteggere e utilizzare in modo responsabile le vostre informazioni. La presente Informativa sulla privacy \u00e8 stata redatta in modo chiaro e obiettivo, consentendo ai nostri utenti di comprendere facilmente il funzionamento del sito. Utilizzate il nostro sito con [&hellip;]<\/p>\n","protected":false},"author":1,"featured_media":11124,"parent":0,"menu_order":0,"comment_status":"closed","ping_status":"closed","template":"","meta":{"_joinchat":[],"footnotes":""},"class_list":["post-11714","page","type-page","status-publish","has-post-thumbnail","hentry"],"yoast_head":"<!-- This site is optimized with the Yoast SEO plugin v27.0 - https:\/\/yoast.com\/product\/yoast-seo-wordpress\/ -->\n<title>Informativa sulla privacy - Tour in Brazil<\/title>\n<meta name=\"description\" content=\"Explore Brazil Now - Our team of experienced travel experts will help you plan your trip from start to finish, ensuring your dream vacation becomes a reality.\" \/>\n<meta name=\"robots\" content=\"index, follow, max-snippet:-1, max-image-preview:large, max-video-preview:-1\" \/>\n<link rel=\"canonical\" href=\"https:\/\/tourinbrazil.com\/it\/informativa-sulla-privacy\/\" \/>\n<meta property=\"og:locale\" content=\"it_IT\" \/>\n<meta property=\"og:type\" content=\"article\" \/>\n<meta property=\"og:title\" content=\"Informativa sulla privacy - Tour in Brazil\" \/>\n<meta property=\"og:description\" content=\"Explore Brazil Now - Our team of experienced travel experts will help you plan your trip from start to finish, ensuring your dream vacation becomes a reality.\" \/>\n<meta property=\"og:url\" content=\"https:\/\/tourinbrazil.com\/it\/informativa-sulla-privacy\/\" \/>\n<meta property=\"og:site_name\" content=\"Tour in Brazil\" \/>\n<meta property=\"article:modified_time\" content=\"2025-11-16T12:14:32+00:00\" \/>\n<meta property=\"og:image\" content=\"https:\/\/tourinbrazil.com\/wp-content\/uploads\/2025\/10\/SEO.jpg\" \/>\n\t<meta property=\"og:image:width\" content=\"512\" \/>\n\t<meta property=\"og:image:height\" content=\"512\" \/>\n\t<meta property=\"og:image:type\" content=\"image\/jpeg\" \/>\n<meta name=\"twitter:card\" content=\"summary_large_image\" \/>\n<meta name=\"twitter:label1\" content=\"Tempo di lettura stimato\" \/>\n\t<meta name=\"twitter:data1\" content=\"8 minuti\" \/>\n<script type=\"application\/ld+json\" class=\"yoast-schema-graph\">{\"@context\":\"https:\/\/schema.org\",\"@graph\":[{\"@type\":\"WebPage\",\"@id\":\"https:\/\/tourinbrazil.com\/it\/informativa-sulla-privacy\/\",\"url\":\"https:\/\/tourinbrazil.com\/it\/informativa-sulla-privacy\/\",\"name\":\"Informativa sulla privacy - Tour in Brazil\",\"isPartOf\":{\"@id\":\"https:\/\/tourinbrazil.com\/it\/#website\"},\"primaryImageOfPage\":{\"@id\":\"https:\/\/tourinbrazil.com\/it\/informativa-sulla-privacy\/#primaryimage\"},\"image\":{\"@id\":\"https:\/\/tourinbrazil.com\/it\/informativa-sulla-privacy\/#primaryimage\"},\"thumbnailUrl\":\"https:\/\/tourinbrazil.com\/wp-content\/uploads\/2025\/10\/SEO.jpg\",\"datePublished\":\"2025-08-05T12:57:44+00:00\",\"dateModified\":\"2025-11-16T12:14:32+00:00\",\"description\":\"Explore Brazil Now - Our team of experienced travel experts will help you plan your trip from start to finish, ensuring your dream vacation becomes a reality.\",\"breadcrumb\":{\"@id\":\"https:\/\/tourinbrazil.com\/it\/informativa-sulla-privacy\/#breadcrumb\"},\"inLanguage\":\"it-IT\",\"potentialAction\":[{\"@type\":\"ReadAction\",\"target\":[\"https:\/\/tourinbrazil.com\/it\/informativa-sulla-privacy\/\"]}]},{\"@type\":\"ImageObject\",\"inLanguage\":\"it-IT\",\"@id\":\"https:\/\/tourinbrazil.com\/it\/informativa-sulla-privacy\/#primaryimage\",\"url\":\"https:\/\/tourinbrazil.com\/wp-content\/uploads\/2025\/10\/SEO.jpg\",\"contentUrl\":\"https:\/\/tourinbrazil.com\/wp-content\/uploads\/2025\/10\/SEO.jpg\",\"width\":512,\"height\":512},{\"@type\":\"BreadcrumbList\",\"@id\":\"https:\/\/tourinbrazil.com\/it\/informativa-sulla-privacy\/#breadcrumb\",\"itemListElement\":[{\"@type\":\"ListItem\",\"position\":1,\"name\":\"In\u00edcio\",\"item\":\"https:\/\/tourinbrazil.com\/it\/\"},{\"@type\":\"ListItem\",\"position\":2,\"name\":\"Informativa sulla privacy\"}]},{\"@type\":\"WebSite\",\"@id\":\"https:\/\/tourinbrazil.com\/it\/#website\",\"url\":\"https:\/\/tourinbrazil.com\/it\/\",\"name\":\"Tour in Brazil\",\"description\":\"Enjoy your Best Travel\",\"publisher\":{\"@id\":\"https:\/\/tourinbrazil.com\/it\/#organization\"},\"alternateName\":\"Tour in Brazil\",\"potentialAction\":[{\"@type\":\"SearchAction\",\"target\":{\"@type\":\"EntryPoint\",\"urlTemplate\":\"https:\/\/tourinbrazil.com\/it\/?s={search_term_string}\"},\"query-input\":{\"@type\":\"PropertyValueSpecification\",\"valueRequired\":true,\"valueName\":\"search_term_string\"}}],\"inLanguage\":\"it-IT\"},{\"@type\":\"Organization\",\"@id\":\"https:\/\/tourinbrazil.com\/it\/#organization\",\"name\":\"Tour in Brazil\",\"alternateName\":\"Tour in Brazil\",\"url\":\"https:\/\/tourinbrazil.com\/it\/\",\"logo\":{\"@type\":\"ImageObject\",\"inLanguage\":\"it-IT\",\"@id\":\"https:\/\/tourinbrazil.com\/it\/#\/schema\/logo\/image\/\",\"url\":\"https:\/\/tourinbrazil.com\/wp-content\/uploads\/2025\/10\/icon-tour-atualizado.png\",\"contentUrl\":\"https:\/\/tourinbrazil.com\/wp-content\/uploads\/2025\/10\/icon-tour-atualizado.png\",\"width\":100,\"height\":146,\"caption\":\"Tour in Brazil\"},\"image\":{\"@id\":\"https:\/\/tourinbrazil.com\/it\/#\/schema\/logo\/image\/\"}}]}<\/script>\n<!-- \/ Yoast SEO plugin. -->","yoast_head_json":{"title":"Informativa sulla privacy - Tour in Brazil","description":"Explore Brazil Now - Our team of experienced travel experts will help you plan your trip from start to finish, ensuring your dream vacation becomes a reality.","robots":{"index":"index","follow":"follow","max-snippet":"max-snippet:-1","max-image-preview":"max-image-preview:large","max-video-preview":"max-video-preview:-1"},"canonical":"https:\/\/tourinbrazil.com\/it\/informativa-sulla-privacy\/","og_locale":"it_IT","og_type":"article","og_title":"Informativa sulla privacy - Tour in Brazil","og_description":"Explore Brazil Now - Our team of experienced travel experts will help you plan your trip from start to finish, ensuring your dream vacation becomes a reality.","og_url":"https:\/\/tourinbrazil.com\/it\/informativa-sulla-privacy\/","og_site_name":"Tour in Brazil","article_modified_time":"2025-11-16T12:14:32+00:00","og_image":[{"width":512,"height":512,"url":"https:\/\/tourinbrazil.com\/wp-content\/uploads\/2025\/10\/SEO.jpg","type":"image\/jpeg"}],"twitter_card":"summary_large_image","twitter_misc":{"Tempo di lettura stimato":"8 minuti"},"schema":{"@context":"https:\/\/schema.org","@graph":[{"@type":"WebPage","@id":"https:\/\/tourinbrazil.com\/it\/informativa-sulla-privacy\/","url":"https:\/\/tourinbrazil.com\/it\/informativa-sulla-privacy\/","name":"Informativa sulla privacy - Tour in Brazil","isPartOf":{"@id":"https:\/\/tourinbrazil.com\/it\/#website"},"primaryImageOfPage":{"@id":"https:\/\/tourinbrazil.com\/it\/informativa-sulla-privacy\/#primaryimage"},"image":{"@id":"https:\/\/tourinbrazil.com\/it\/informativa-sulla-privacy\/#primaryimage"},"thumbnailUrl":"https:\/\/tourinbrazil.com\/wp-content\/uploads\/2025\/10\/SEO.jpg","datePublished":"2025-08-05T12:57:44+00:00","dateModified":"2025-11-16T12:14:32+00:00","description":"Explore Brazil Now - Our team of experienced travel experts will help you plan your trip from start to finish, ensuring your dream vacation becomes a reality.","breadcrumb":{"@id":"https:\/\/tourinbrazil.com\/it\/informativa-sulla-privacy\/#breadcrumb"},"inLanguage":"it-IT","potentialAction":[{"@type":"ReadAction","target":["https:\/\/tourinbrazil.com\/it\/informativa-sulla-privacy\/"]}]},{"@type":"ImageObject","inLanguage":"it-IT","@id":"https:\/\/tourinbrazil.com\/it\/informativa-sulla-privacy\/#primaryimage","url":"https:\/\/tourinbrazil.com\/wp-content\/uploads\/2025\/10\/SEO.jpg","contentUrl":"https:\/\/tourinbrazil.com\/wp-content\/uploads\/2025\/10\/SEO.jpg","width":512,"height":512},{"@type":"BreadcrumbList","@id":"https:\/\/tourinbrazil.com\/it\/informativa-sulla-privacy\/#breadcrumb","itemListElement":[{"@type":"ListItem","position":1,"name":"In\u00edcio","item":"https:\/\/tourinbrazil.com\/it\/"},{"@type":"ListItem","position":2,"name":"Informativa sulla privacy"}]},{"@type":"WebSite","@id":"https:\/\/tourinbrazil.com\/it\/#website","url":"https:\/\/tourinbrazil.com\/it\/","name":"Tour in Brazil","description":"Enjoy your Best Travel","publisher":{"@id":"https:\/\/tourinbrazil.com\/it\/#organization"},"alternateName":"Tour in Brazil","potentialAction":[{"@type":"SearchAction","target":{"@type":"EntryPoint","urlTemplate":"https:\/\/tourinbrazil.com\/it\/?s={search_term_string}"},"query-input":{"@type":"PropertyValueSpecification","valueRequired":true,"valueName":"search_term_string"}}],"inLanguage":"it-IT"},{"@type":"Organization","@id":"https:\/\/tourinbrazil.com\/it\/#organization","name":"Tour in Brazil","alternateName":"Tour in Brazil","url":"https:\/\/tourinbrazil.com\/it\/","logo":{"@type":"ImageObject","inLanguage":"it-IT","@id":"https:\/\/tourinbrazil.com\/it\/#\/schema\/logo\/image\/","url":"https:\/\/tourinbrazil.com\/wp-content\/uploads\/2025\/10\/icon-tour-atualizado.png","contentUrl":"https:\/\/tourinbrazil.com\/wp-content\/uploads\/2025\/10\/icon-tour-atualizado.png","width":100,"height":146,"caption":"Tour in Brazil"},"image":{"@id":"https:\/\/tourinbrazil.com\/it\/#\/schema\/logo\/image\/"}}]}},"_links":{"self":[{"href":"https:\/\/tourinbrazil.com\/it\/wp-json\/wp\/v2\/pages\/11714","targetHints":{"allow":["GET"]}}],"collection":[{"href":"https:\/\/tourinbrazil.com\/it\/wp-json\/wp\/v2\/pages"}],"about":[{"href":"https:\/\/tourinbrazil.com\/it\/wp-json\/wp\/v2\/types\/page"}],"author":[{"embeddable":true,"href":"https:\/\/tourinbrazil.com\/it\/wp-json\/wp\/v2\/users\/1"}],"replies":[{"embeddable":true,"href":"https:\/\/tourinbrazil.com\/it\/wp-json\/wp\/v2\/comments?post=11714"}],"version-history":[{"count":1,"href":"https:\/\/tourinbrazil.com\/it\/wp-json\/wp\/v2\/pages\/11714\/revisions"}],"predecessor-version":[{"id":11715,"href":"https:\/\/tourinbrazil.com\/it\/wp-json\/wp\/v2\/pages\/11714\/revisions\/11715"}],"wp:featuredmedia":[{"embeddable":true,"href":"https:\/\/tourinbrazil.com\/it\/wp-json\/wp\/v2\/media\/11124"}],"wp:attachment":[{"href":"https:\/\/tourinbrazil.com\/it\/wp-json\/wp\/v2\/media?parent=11714"}],"curies":[{"name":"wp","href":"https:\/\/api.w.org\/{rel}","templated":true}]}}