{"id":12212,"date":"2025-10-13T10:34:25","date_gmt":"2025-10-13T08:34:25","guid":{"rendered":"https:\/\/tourinbrazil.com\/produto\/hotel-grand-hyatt-rio-barra-da-tijuca-rj\/"},"modified":"2025-11-16T20:37:19","modified_gmt":"2025-11-16T19:37:19","slug":"hotel-grand-hyatt-rio-barra-da-tijuca-rj","status":"publish","type":"product","link":"https:\/\/tourinbrazil.com\/es\/produto\/hotel-grand-hyatt-rio-barra-da-tijuca-rj\/","title":{"rendered":"Hotel Grand Hyatt Rio &#8211; Barra da Tijuca (RJ)"},"content":{"rendered":"\t\t<div data-elementor-type=\"product-post\" data-elementor-id=\"12212\" class=\"elementor elementor-12212 elementor-9746\" data-elementor-post-type=\"product\">\n\t\t\t\t\t\t<section class=\"elementor-section elementor-top-section elementor-element elementor-element-ea87e01 elementor-section-full_width elementor-section-height-default elementor-section-height-default\" data-id=\"ea87e01\" data-element_type=\"section\" data-e-type=\"section\">\n\t\t\t\t\t\t<div class=\"elementor-container elementor-column-gap-default\">\n\t\t\t\t\t<div class=\"elementor-column elementor-col-100 elementor-top-column elementor-element elementor-element-86ade86\" data-id=\"86ade86\" data-element_type=\"column\" data-e-type=\"column\">\n\t\t\t<div class=\"elementor-widget-wrap elementor-element-populated\">\n\t\t\t\t\t\t<div class=\"elementor-element elementor-element-547a837 elementor-widget elementor-widget-text-editor\" data-id=\"547a837\" data-element_type=\"widget\" data-e-type=\"widget\" data-widget_type=\"text-editor.default\">\n\t\t\t\t\t\t\t\t\t<p><strong>Tarifa por noche: <\/strong>\u20ac 155<\/p><p><strong>Incluye:<\/strong> Wi-Fi, piscinas, gimnasio, aparcamiento, habitaciones con balc\u00f3n; el desayuno puede variar.<\/p><p><strong>Paquetes de muestra:<\/strong><\/p><ul><li><p>3 d\u00edas\/2 noches: \u20ac310 \u2014 Alojamiento y desayuno + acceso a las instalaciones<\/p><\/li><li><p>5 d\u00edas\/4 noches: \u20ac620 \u2014 Alojamiento y desayuno + 1 cena + traslado al aeropuerto<\/p><\/li><li><p>7 d\u00edas\/6 noches: \u20ac930 \u2014 Alojamiento y desayuno + 1 cena + cr\u00e9dito para el resort + salida tard\u00eda<\/p><\/li><\/ul><p><strong>Pol\u00edtica infantil:<\/strong> Los ni\u00f1os de hasta 12 a\u00f1os pueden alojarse gratis en la habitaci\u00f3n de sus padres.<\/p>\t\t\t\t\t\t\t\t<\/div>\n\t\t\t\t\t<\/div>\n\t\t<\/div>\n\t\t\t\t\t<\/div>\n\t\t<\/section>\n\t\t\t\t<\/div>\n\t\t","protected":false},"excerpt":{"rendered":"<p>Esc\u00e1pese a R\u00edo de Janeiro, Brasil, en nuestro hotel resort Barra da Tijuca.<\/p>\n","protected":false},"featured_media":12196,"template":"","meta":{"_joinchat":[]},"product_brand":[],"product_cat":[181,180],"product_tag":[],"class_list":{"0":"post-12212","1":"product","2":"type-product","3":"status-publish","4":"has-post-thumbnail","6":"product_cat-hotel","7":"product_cat-rio-de-janeiro","9":"first","10":"instock","11":"shipping-taxable","12":"purchasable","13":"product-type-variable"},"yoast_head":"<!-- This site is optimized with the Yoast SEO plugin v27.0 - https:\/\/yoast.com\/product\/yoast-seo-wordpress\/ -->\n<title>Hotel Grand Hyatt Rio - Barra da Tijuca (RJ) - Tour in Brazil<\/title>\n<meta name=\"robots\" content=\"index, follow, max-snippet:-1, max-image-preview:large, max-video-preview:-1\" \/>\n<link rel=\"canonical\" href=\"https:\/\/tourinbrazil.com\/es\/produto\/hotel-grand-hyatt-rio-barra-da-tijuca-rj\/\" \/>\n<meta property=\"og:locale\" content=\"es_ES\" \/>\n<meta property=\"og:type\" content=\"article\" \/>\n<meta property=\"og:title\" content=\"Hotel Grand Hyatt Rio - Barra da Tijuca (RJ) - Tour in Brazil\" \/>\n<meta property=\"og:description\" content=\"Esc\u00e1pese a R\u00edo de Janeiro, Brasil, en nuestro hotel resort Barra da Tijuca.\" \/>\n<meta property=\"og:url\" content=\"https:\/\/tourinbrazil.com\/es\/produto\/hotel-grand-hyatt-rio-barra-da-tijuca-rj\/\" \/>\n<meta property=\"og:site_name\" content=\"Tour in Brazil\" \/>\n<meta property=\"article:modified_time\" content=\"2025-11-16T19:37:19+00:00\" \/>\n<meta property=\"og:image\" content=\"https:\/\/tourinbrazil.com\/wp-content\/uploads\/2025\/10\/Grand-Hyatt-Rio-de-Janeiro-P443-Pool.16x9.webp\" \/>\n\t<meta property=\"og:image:width\" content=\"960\" \/>\n\t<meta property=\"og:image:height\" content=\"540\" \/>\n\t<meta property=\"og:image:type\" content=\"image\/webp\" \/>\n<meta name=\"twitter:card\" content=\"summary_large_image\" \/>\n<script type=\"application\/ld+json\" class=\"yoast-schema-graph\">{\"@context\":\"https:\/\/schema.org\",\"@graph\":[{\"@type\":\"WebPage\",\"@id\":\"https:\/\/tourinbrazil.com\/es\/produto\/hotel-grand-hyatt-rio-barra-da-tijuca-rj\/\",\"url\":\"https:\/\/tourinbrazil.com\/es\/produto\/hotel-grand-hyatt-rio-barra-da-tijuca-rj\/\",\"name\":\"Hotel Grand Hyatt Rio - Barra da Tijuca (RJ) - Tour in Brazil\",\"isPartOf\":{\"@id\":\"https:\/\/tourinbrazil.com\/es\/#website\"},\"primaryImageOfPage\":{\"@id\":\"https:\/\/tourinbrazil.com\/es\/produto\/hotel-grand-hyatt-rio-barra-da-tijuca-rj\/#primaryimage\"},\"image\":{\"@id\":\"https:\/\/tourinbrazil.com\/es\/produto\/hotel-grand-hyatt-rio-barra-da-tijuca-rj\/#primaryimage\"},\"thumbnailUrl\":\"https:\/\/tourinbrazil.com\/wp-content\/uploads\/2025\/10\/Grand-Hyatt-Rio-de-Janeiro-P443-Pool.16x9.webp\",\"datePublished\":\"2025-10-13T08:34:25+00:00\",\"dateModified\":\"2025-11-16T19:37:19+00:00\",\"breadcrumb\":{\"@id\":\"https:\/\/tourinbrazil.com\/es\/produto\/hotel-grand-hyatt-rio-barra-da-tijuca-rj\/#breadcrumb\"},\"inLanguage\":\"es\",\"potentialAction\":[{\"@type\":\"ReadAction\",\"target\":[\"https:\/\/tourinbrazil.com\/es\/produto\/hotel-grand-hyatt-rio-barra-da-tijuca-rj\/\"]}]},{\"@type\":\"ImageObject\",\"inLanguage\":\"es\",\"@id\":\"https:\/\/tourinbrazil.com\/es\/produto\/hotel-grand-hyatt-rio-barra-da-tijuca-rj\/#primaryimage\",\"url\":\"https:\/\/tourinbrazil.com\/wp-content\/uploads\/2025\/10\/Grand-Hyatt-Rio-de-Janeiro-P443-Pool.16x9.webp\",\"contentUrl\":\"https:\/\/tourinbrazil.com\/wp-content\/uploads\/2025\/10\/Grand-Hyatt-Rio-de-Janeiro-P443-Pool.16x9.webp\",\"width\":960,\"height\":540},{\"@type\":\"BreadcrumbList\",\"@id\":\"https:\/\/tourinbrazil.com\/es\/produto\/hotel-grand-hyatt-rio-barra-da-tijuca-rj\/#breadcrumb\",\"itemListElement\":[{\"@type\":\"ListItem\",\"position\":1,\"name\":\"In\u00edcio\",\"item\":\"https:\/\/tourinbrazil.com\/es\/\"},{\"@type\":\"ListItem\",\"position\":2,\"name\":\"Tienda\",\"item\":\"https:\/\/tourinbrazil.com\/es\/tienda\/\"},{\"@type\":\"ListItem\",\"position\":3,\"name\":\"Hotel Grand Hyatt Rio &#8211; Barra da Tijuca (RJ)\"}]},{\"@type\":\"WebSite\",\"@id\":\"https:\/\/tourinbrazil.com\/es\/#website\",\"url\":\"https:\/\/tourinbrazil.com\/es\/\",\"name\":\"Tour in Brazil\",\"description\":\"Enjoy your Best Travel\",\"publisher\":{\"@id\":\"https:\/\/tourinbrazil.com\/es\/#organization\"},\"alternateName\":\"Tour in Brazil\",\"potentialAction\":[{\"@type\":\"SearchAction\",\"target\":{\"@type\":\"EntryPoint\",\"urlTemplate\":\"https:\/\/tourinbrazil.com\/es\/?s={search_term_string}\"},\"query-input\":{\"@type\":\"PropertyValueSpecification\",\"valueRequired\":true,\"valueName\":\"search_term_string\"}}],\"inLanguage\":\"es\"},{\"@type\":\"Organization\",\"@id\":\"https:\/\/tourinbrazil.com\/es\/#organization\",\"name\":\"Tour in Brazil\",\"alternateName\":\"Tour in Brazil\",\"url\":\"https:\/\/tourinbrazil.com\/es\/\",\"logo\":{\"@type\":\"ImageObject\",\"inLanguage\":\"es\",\"@id\":\"https:\/\/tourinbrazil.com\/es\/#\/schema\/logo\/image\/\",\"url\":\"https:\/\/tourinbrazil.com\/wp-content\/uploads\/2025\/10\/icon-tour-atualizado.png\",\"contentUrl\":\"https:\/\/tourinbrazil.com\/wp-content\/uploads\/2025\/10\/icon-tour-atualizado.png\",\"width\":100,\"height\":146,\"caption\":\"Tour in Brazil\"},\"image\":{\"@id\":\"https:\/\/tourinbrazil.com\/es\/#\/schema\/logo\/image\/\"}}]}<\/script>\n<!-- \/ Yoast SEO plugin. -->","yoast_head_json":{"title":"Hotel Grand Hyatt Rio - Barra da Tijuca (RJ) - Tour in Brazil","robots":{"index":"index","follow":"follow","max-snippet":"max-snippet:-1","max-image-preview":"max-image-preview:large","max-video-preview":"max-video-preview:-1"},"canonical":"https:\/\/tourinbrazil.com\/es\/produto\/hotel-grand-hyatt-rio-barra-da-tijuca-rj\/","og_locale":"es_ES","og_type":"article","og_title":"Hotel Grand Hyatt Rio - Barra da Tijuca (RJ) - Tour in Brazil","og_description":"Esc\u00e1pese a R\u00edo de Janeiro, Brasil, en nuestro hotel resort Barra da Tijuca.","og_url":"https:\/\/tourinbrazil.com\/es\/produto\/hotel-grand-hyatt-rio-barra-da-tijuca-rj\/","og_site_name":"Tour in Brazil","article_modified_time":"2025-11-16T19:37:19+00:00","og_image":[{"width":960,"height":540,"url":"https:\/\/tourinbrazil.com\/wp-content\/uploads\/2025\/10\/Grand-Hyatt-Rio-de-Janeiro-P443-Pool.16x9.webp","type":"image\/webp"}],"twitter_card":"summary_large_image","schema":{"@context":"https:\/\/schema.org","@graph":[{"@type":"WebPage","@id":"https:\/\/tourinbrazil.com\/es\/produto\/hotel-grand-hyatt-rio-barra-da-tijuca-rj\/","url":"https:\/\/tourinbrazil.com\/es\/produto\/hotel-grand-hyatt-rio-barra-da-tijuca-rj\/","name":"Hotel Grand Hyatt Rio - Barra da Tijuca (RJ) - Tour in Brazil","isPartOf":{"@id":"https:\/\/tourinbrazil.com\/es\/#website"},"primaryImageOfPage":{"@id":"https:\/\/tourinbrazil.com\/es\/produto\/hotel-grand-hyatt-rio-barra-da-tijuca-rj\/#primaryimage"},"image":{"@id":"https:\/\/tourinbrazil.com\/es\/produto\/hotel-grand-hyatt-rio-barra-da-tijuca-rj\/#primaryimage"},"thumbnailUrl":"https:\/\/tourinbrazil.com\/wp-content\/uploads\/2025\/10\/Grand-Hyatt-Rio-de-Janeiro-P443-Pool.16x9.webp","datePublished":"2025-10-13T08:34:25+00:00","dateModified":"2025-11-16T19:37:19+00:00","breadcrumb":{"@id":"https:\/\/tourinbrazil.com\/es\/produto\/hotel-grand-hyatt-rio-barra-da-tijuca-rj\/#breadcrumb"},"inLanguage":"es","potentialAction":[{"@type":"ReadAction","target":["https:\/\/tourinbrazil.com\/es\/produto\/hotel-grand-hyatt-rio-barra-da-tijuca-rj\/"]}]},{"@type":"ImageObject","inLanguage":"es","@id":"https:\/\/tourinbrazil.com\/es\/produto\/hotel-grand-hyatt-rio-barra-da-tijuca-rj\/#primaryimage","url":"https:\/\/tourinbrazil.com\/wp-content\/uploads\/2025\/10\/Grand-Hyatt-Rio-de-Janeiro-P443-Pool.16x9.webp","contentUrl":"https:\/\/tourinbrazil.com\/wp-content\/uploads\/2025\/10\/Grand-Hyatt-Rio-de-Janeiro-P443-Pool.16x9.webp","width":960,"height":540},{"@type":"BreadcrumbList","@id":"https:\/\/tourinbrazil.com\/es\/produto\/hotel-grand-hyatt-rio-barra-da-tijuca-rj\/#breadcrumb","itemListElement":[{"@type":"ListItem","position":1,"name":"In\u00edcio","item":"https:\/\/tourinbrazil.com\/es\/"},{"@type":"ListItem","position":2,"name":"Tienda","item":"https:\/\/tourinbrazil.com\/es\/tienda\/"},{"@type":"ListItem","position":3,"name":"Hotel Grand Hyatt Rio &#8211; Barra da Tijuca (RJ)"}]},{"@type":"WebSite","@id":"https:\/\/tourinbrazil.com\/es\/#website","url":"https:\/\/tourinbrazil.com\/es\/","name":"Tour in Brazil","description":"Enjoy your Best Travel","publisher":{"@id":"https:\/\/tourinbrazil.com\/es\/#organization"},"alternateName":"Tour in Brazil","potentialAction":[{"@type":"SearchAction","target":{"@type":"EntryPoint","urlTemplate":"https:\/\/tourinbrazil.com\/es\/?s={search_term_string}"},"query-input":{"@type":"PropertyValueSpecification","valueRequired":true,"valueName":"search_term_string"}}],"inLanguage":"es"},{"@type":"Organization","@id":"https:\/\/tourinbrazil.com\/es\/#organization","name":"Tour in Brazil","alternateName":"Tour in Brazil","url":"https:\/\/tourinbrazil.com\/es\/","logo":{"@type":"ImageObject","inLanguage":"es","@id":"https:\/\/tourinbrazil.com\/es\/#\/schema\/logo\/image\/","url":"https:\/\/tourinbrazil.com\/wp-content\/uploads\/2025\/10\/icon-tour-atualizado.png","contentUrl":"https:\/\/tourinbrazil.com\/wp-content\/uploads\/2025\/10\/icon-tour-atualizado.png","width":100,"height":146,"caption":"Tour in Brazil"},"image":{"@id":"https:\/\/tourinbrazil.com\/es\/#\/schema\/logo\/image\/"}}]}},"_links":{"self":[{"href":"https:\/\/tourinbrazil.com\/es\/wp-json\/wp\/v2\/product\/12212","targetHints":{"allow":["GET"]}}],"collection":[{"href":"https:\/\/tourinbrazil.com\/es\/wp-json\/wp\/v2\/product"}],"about":[{"href":"https:\/\/tourinbrazil.com\/es\/wp-json\/wp\/v2\/types\/product"}],"version-history":[{"count":1,"href":"https:\/\/tourinbrazil.com\/es\/wp-json\/wp\/v2\/product\/12212\/revisions"}],"predecessor-version":[{"id":12216,"href":"https:\/\/tourinbrazil.com\/es\/wp-json\/wp\/v2\/product\/12212\/revisions\/12216"}],"wp:featuredmedia":[{"embeddable":true,"href":"https:\/\/tourinbrazil.com\/es\/wp-json\/wp\/v2\/media\/12196"}],"wp:attachment":[{"href":"https:\/\/tourinbrazil.com\/es\/wp-json\/wp\/v2\/media?parent=12212"}],"wp:term":[{"taxonomy":"product_brand","embeddable":true,"href":"https:\/\/tourinbrazil.com\/es\/wp-json\/wp\/v2\/product_brand?post=12212"},{"taxonomy":"product_cat","embeddable":true,"href":"https:\/\/tourinbrazil.com\/es\/wp-json\/wp\/v2\/product_cat?post=12212"},{"taxonomy":"product_tag","embeddable":true,"href":"https:\/\/tourinbrazil.com\/es\/wp-json\/wp\/v2\/product_tag?post=12212"}],"curies":[{"name":"wp","href":"https:\/\/api.w.org\/{rel}","templated":true}]}}