{"id":12160,"date":"2025-10-13T11:11:16","date_gmt":"2025-10-13T09:11:16","guid":{"rendered":"https:\/\/tourinbrazil.com\/produto\/cirandeira-amazon-world-ecoresort-manacapuru-am\/"},"modified":"2025-11-16T20:22:35","modified_gmt":"2025-11-16T19:22:35","slug":"cirandeira-amazon-world-ecoresort-manacapuru-am","status":"publish","type":"product","link":"https:\/\/tourinbrazil.com\/es\/produto\/cirandeira-amazon-world-ecoresort-manacapuru-am\/","title":{"rendered":"Cirandeira Amazon World Ecoresort &#8211; Manacapuru (AM)"},"content":{"rendered":"\t\t<div data-elementor-type=\"product-post\" data-elementor-id=\"12160\" class=\"elementor elementor-12160 elementor-9799\" data-elementor-post-type=\"product\">\n\t\t\t\t\t\t<section class=\"elementor-section elementor-top-section elementor-element elementor-element-ea87e01 elementor-section-full_width elementor-section-height-default elementor-section-height-default\" data-id=\"ea87e01\" data-element_type=\"section\" data-e-type=\"section\">\n\t\t\t\t\t\t<div class=\"elementor-container elementor-column-gap-default\">\n\t\t\t\t\t<div class=\"elementor-column elementor-col-100 elementor-top-column elementor-element elementor-element-86ade86\" data-id=\"86ade86\" data-element_type=\"column\" data-e-type=\"column\">\n\t\t\t<div class=\"elementor-widget-wrap elementor-element-populated\">\n\t\t\t\t\t\t<div class=\"elementor-element elementor-element-547a837 elementor-widget elementor-widget-text-editor\" data-id=\"547a837\" data-element_type=\"widget\" data-e-type=\"widget\" data-widget_type=\"text-editor.default\">\n\t\t\t\t\t\t\t\t\t<p><strong>Tarifa por noche:<\/strong> 151 \u20ac<\/p><p><strong>Incluye: <\/strong><span style=\"font-weight: 400;\">Wi-Fi, minibar, aparcamiento, restaurante, actividades en la selva (algunas de pago).<\/span><span style=\"font-weight: 400;\"><br><\/span><\/p><p><strong>Paquetes de muestra:<\/strong><\/p><ul><li><p>3 d\u00edas\/2 noches: 302 \u20ac \u2014 Alojamiento y desayuno<\/p><\/li><li><p>5 d\u00edas\/4 noches: 604 \u20ac \u2014 Alojamiento y desayuno + 1 actividad guiada<\/p><\/li><li><p>7 d\u00edas\/6 noches: 906 \u20ac \u2014 Alojamiento y desayuno + 2 actividades guiadas<\/p><\/li><\/ul><p>Pol\u00edtica infantil: <span style=\"font-weight: 400;\">complejo tur\u00edstico ideal para familias, con piscina infantil, parque acu\u00e1tico y actividades para ni\u00f1os.<\/span> <\/p><p><span style=\"font-weight: 400;\"><strong>Tarifa infantil: <\/strong>mitad del precio<\/span><\/p>\t\t\t\t\t\t\t\t<\/div>\n\t\t\t\t\t<\/div>\n\t\t<\/div>\n\t\t\t\t\t<\/div>\n\t\t<\/section>\n\t\t\t\t<\/div>\n\t\t","protected":false},"excerpt":{"rendered":"<p>Situado en el coraz\u00f3n de la selva amaz\u00f3nica, Cirandeira Amazon World EcoResort es un encantador refugio que invita a parejas, familias y viajeros a relajarse y reconectar con la naturaleza en su forma m\u00e1s aut\u00e9ntica.<\/p>\n","protected":false},"featured_media":12155,"template":"","meta":{"_joinchat":[]},"product_brand":[],"product_cat":[181,177],"product_tag":[],"class_list":{"0":"post-12160","1":"product","2":"type-product","3":"status-publish","4":"has-post-thumbnail","6":"product_cat-hotel","7":"product_cat-selva-amazonica","9":"first","10":"instock","11":"shipping-taxable","12":"purchasable","13":"product-type-variable"},"yoast_head":"<!-- This site is optimized with the Yoast SEO plugin v27.0 - https:\/\/yoast.com\/product\/yoast-seo-wordpress\/ -->\n<title>Cirandeira Amazon World Ecoresort - Manacapuru (AM) - Tour in Brazil<\/title>\n<meta name=\"robots\" content=\"index, follow, max-snippet:-1, max-image-preview:large, max-video-preview:-1\" \/>\n<link rel=\"canonical\" href=\"https:\/\/tourinbrazil.com\/es\/produto\/cirandeira-amazon-world-ecoresort-manacapuru-am\/\" \/>\n<meta property=\"og:locale\" content=\"es_ES\" \/>\n<meta property=\"og:type\" content=\"article\" \/>\n<meta property=\"og:title\" content=\"Cirandeira Amazon World Ecoresort - Manacapuru (AM) - Tour in Brazil\" \/>\n<meta property=\"og:description\" content=\"Situado en el coraz\u00f3n de la selva amaz\u00f3nica, Cirandeira Amazon World EcoResort es un encantador refugio que invita a parejas, familias y viajeros a relajarse y reconectar con la naturaleza en su forma m\u00e1s aut\u00e9ntica.\" \/>\n<meta property=\"og:url\" content=\"https:\/\/tourinbrazil.com\/es\/produto\/cirandeira-amazon-world-ecoresort-manacapuru-am\/\" \/>\n<meta property=\"og:site_name\" content=\"Tour in Brazil\" \/>\n<meta property=\"article:modified_time\" content=\"2025-11-16T19:22:35+00:00\" \/>\n<meta property=\"og:image\" content=\"https:\/\/tourinbrazil.com\/wp-content\/uploads\/2025\/10\/a4aqBuG2WN4yqPqE5Eh4kQavw8TwjLCWBnDFVNjV.webp\" \/>\n\t<meta property=\"og:image:width\" content=\"1820\" \/>\n\t<meta property=\"og:image:height\" content=\"1080\" \/>\n\t<meta property=\"og:image:type\" content=\"image\/webp\" \/>\n<meta name=\"twitter:card\" content=\"summary_large_image\" \/>\n<script type=\"application\/ld+json\" class=\"yoast-schema-graph\">{\"@context\":\"https:\/\/schema.org\",\"@graph\":[{\"@type\":\"WebPage\",\"@id\":\"https:\/\/tourinbrazil.com\/es\/produto\/cirandeira-amazon-world-ecoresort-manacapuru-am\/\",\"url\":\"https:\/\/tourinbrazil.com\/es\/produto\/cirandeira-amazon-world-ecoresort-manacapuru-am\/\",\"name\":\"Cirandeira Amazon World Ecoresort - Manacapuru (AM) - Tour in Brazil\",\"isPartOf\":{\"@id\":\"https:\/\/tourinbrazil.com\/es\/#website\"},\"primaryImageOfPage\":{\"@id\":\"https:\/\/tourinbrazil.com\/es\/produto\/cirandeira-amazon-world-ecoresort-manacapuru-am\/#primaryimage\"},\"image\":{\"@id\":\"https:\/\/tourinbrazil.com\/es\/produto\/cirandeira-amazon-world-ecoresort-manacapuru-am\/#primaryimage\"},\"thumbnailUrl\":\"https:\/\/tourinbrazil.com\/wp-content\/uploads\/2025\/10\/a4aqBuG2WN4yqPqE5Eh4kQavw8TwjLCWBnDFVNjV.webp\",\"datePublished\":\"2025-10-13T09:11:16+00:00\",\"dateModified\":\"2025-11-16T19:22:35+00:00\",\"breadcrumb\":{\"@id\":\"https:\/\/tourinbrazil.com\/es\/produto\/cirandeira-amazon-world-ecoresort-manacapuru-am\/#breadcrumb\"},\"inLanguage\":\"es\",\"potentialAction\":[{\"@type\":\"ReadAction\",\"target\":[\"https:\/\/tourinbrazil.com\/es\/produto\/cirandeira-amazon-world-ecoresort-manacapuru-am\/\"]}]},{\"@type\":\"ImageObject\",\"inLanguage\":\"es\",\"@id\":\"https:\/\/tourinbrazil.com\/es\/produto\/cirandeira-amazon-world-ecoresort-manacapuru-am\/#primaryimage\",\"url\":\"https:\/\/tourinbrazil.com\/wp-content\/uploads\/2025\/10\/a4aqBuG2WN4yqPqE5Eh4kQavw8TwjLCWBnDFVNjV.webp\",\"contentUrl\":\"https:\/\/tourinbrazil.com\/wp-content\/uploads\/2025\/10\/a4aqBuG2WN4yqPqE5Eh4kQavw8TwjLCWBnDFVNjV.webp\",\"width\":1820,\"height\":1080},{\"@type\":\"BreadcrumbList\",\"@id\":\"https:\/\/tourinbrazil.com\/es\/produto\/cirandeira-amazon-world-ecoresort-manacapuru-am\/#breadcrumb\",\"itemListElement\":[{\"@type\":\"ListItem\",\"position\":1,\"name\":\"In\u00edcio\",\"item\":\"https:\/\/tourinbrazil.com\/es\/\"},{\"@type\":\"ListItem\",\"position\":2,\"name\":\"Tienda\",\"item\":\"https:\/\/tourinbrazil.com\/es\/tienda\/\"},{\"@type\":\"ListItem\",\"position\":3,\"name\":\"Cirandeira Amazon World Ecoresort &#8211; Manacapuru (AM)\"}]},{\"@type\":\"WebSite\",\"@id\":\"https:\/\/tourinbrazil.com\/es\/#website\",\"url\":\"https:\/\/tourinbrazil.com\/es\/\",\"name\":\"Tour in Brazil\",\"description\":\"Enjoy your Best Travel\",\"publisher\":{\"@id\":\"https:\/\/tourinbrazil.com\/es\/#organization\"},\"alternateName\":\"Tour in Brazil\",\"potentialAction\":[{\"@type\":\"SearchAction\",\"target\":{\"@type\":\"EntryPoint\",\"urlTemplate\":\"https:\/\/tourinbrazil.com\/es\/?s={search_term_string}\"},\"query-input\":{\"@type\":\"PropertyValueSpecification\",\"valueRequired\":true,\"valueName\":\"search_term_string\"}}],\"inLanguage\":\"es\"},{\"@type\":\"Organization\",\"@id\":\"https:\/\/tourinbrazil.com\/es\/#organization\",\"name\":\"Tour in Brazil\",\"alternateName\":\"Tour in Brazil\",\"url\":\"https:\/\/tourinbrazil.com\/es\/\",\"logo\":{\"@type\":\"ImageObject\",\"inLanguage\":\"es\",\"@id\":\"https:\/\/tourinbrazil.com\/es\/#\/schema\/logo\/image\/\",\"url\":\"https:\/\/tourinbrazil.com\/wp-content\/uploads\/2025\/10\/icon-tour-atualizado.png\",\"contentUrl\":\"https:\/\/tourinbrazil.com\/wp-content\/uploads\/2025\/10\/icon-tour-atualizado.png\",\"width\":100,\"height\":146,\"caption\":\"Tour in Brazil\"},\"image\":{\"@id\":\"https:\/\/tourinbrazil.com\/es\/#\/schema\/logo\/image\/\"}}]}<\/script>\n<!-- \/ Yoast SEO plugin. -->","yoast_head_json":{"title":"Cirandeira Amazon World Ecoresort - Manacapuru (AM) - Tour in Brazil","robots":{"index":"index","follow":"follow","max-snippet":"max-snippet:-1","max-image-preview":"max-image-preview:large","max-video-preview":"max-video-preview:-1"},"canonical":"https:\/\/tourinbrazil.com\/es\/produto\/cirandeira-amazon-world-ecoresort-manacapuru-am\/","og_locale":"es_ES","og_type":"article","og_title":"Cirandeira Amazon World Ecoresort - Manacapuru (AM) - Tour in Brazil","og_description":"Situado en el coraz\u00f3n de la selva amaz\u00f3nica, Cirandeira Amazon World EcoResort es un encantador refugio que invita a parejas, familias y viajeros a relajarse y reconectar con la naturaleza en su forma m\u00e1s aut\u00e9ntica.","og_url":"https:\/\/tourinbrazil.com\/es\/produto\/cirandeira-amazon-world-ecoresort-manacapuru-am\/","og_site_name":"Tour in Brazil","article_modified_time":"2025-11-16T19:22:35+00:00","og_image":[{"width":1820,"height":1080,"url":"https:\/\/tourinbrazil.com\/wp-content\/uploads\/2025\/10\/a4aqBuG2WN4yqPqE5Eh4kQavw8TwjLCWBnDFVNjV.webp","type":"image\/webp"}],"twitter_card":"summary_large_image","schema":{"@context":"https:\/\/schema.org","@graph":[{"@type":"WebPage","@id":"https:\/\/tourinbrazil.com\/es\/produto\/cirandeira-amazon-world-ecoresort-manacapuru-am\/","url":"https:\/\/tourinbrazil.com\/es\/produto\/cirandeira-amazon-world-ecoresort-manacapuru-am\/","name":"Cirandeira Amazon World Ecoresort - Manacapuru (AM) - Tour in Brazil","isPartOf":{"@id":"https:\/\/tourinbrazil.com\/es\/#website"},"primaryImageOfPage":{"@id":"https:\/\/tourinbrazil.com\/es\/produto\/cirandeira-amazon-world-ecoresort-manacapuru-am\/#primaryimage"},"image":{"@id":"https:\/\/tourinbrazil.com\/es\/produto\/cirandeira-amazon-world-ecoresort-manacapuru-am\/#primaryimage"},"thumbnailUrl":"https:\/\/tourinbrazil.com\/wp-content\/uploads\/2025\/10\/a4aqBuG2WN4yqPqE5Eh4kQavw8TwjLCWBnDFVNjV.webp","datePublished":"2025-10-13T09:11:16+00:00","dateModified":"2025-11-16T19:22:35+00:00","breadcrumb":{"@id":"https:\/\/tourinbrazil.com\/es\/produto\/cirandeira-amazon-world-ecoresort-manacapuru-am\/#breadcrumb"},"inLanguage":"es","potentialAction":[{"@type":"ReadAction","target":["https:\/\/tourinbrazil.com\/es\/produto\/cirandeira-amazon-world-ecoresort-manacapuru-am\/"]}]},{"@type":"ImageObject","inLanguage":"es","@id":"https:\/\/tourinbrazil.com\/es\/produto\/cirandeira-amazon-world-ecoresort-manacapuru-am\/#primaryimage","url":"https:\/\/tourinbrazil.com\/wp-content\/uploads\/2025\/10\/a4aqBuG2WN4yqPqE5Eh4kQavw8TwjLCWBnDFVNjV.webp","contentUrl":"https:\/\/tourinbrazil.com\/wp-content\/uploads\/2025\/10\/a4aqBuG2WN4yqPqE5Eh4kQavw8TwjLCWBnDFVNjV.webp","width":1820,"height":1080},{"@type":"BreadcrumbList","@id":"https:\/\/tourinbrazil.com\/es\/produto\/cirandeira-amazon-world-ecoresort-manacapuru-am\/#breadcrumb","itemListElement":[{"@type":"ListItem","position":1,"name":"In\u00edcio","item":"https:\/\/tourinbrazil.com\/es\/"},{"@type":"ListItem","position":2,"name":"Tienda","item":"https:\/\/tourinbrazil.com\/es\/tienda\/"},{"@type":"ListItem","position":3,"name":"Cirandeira Amazon World Ecoresort &#8211; Manacapuru (AM)"}]},{"@type":"WebSite","@id":"https:\/\/tourinbrazil.com\/es\/#website","url":"https:\/\/tourinbrazil.com\/es\/","name":"Tour in Brazil","description":"Enjoy your Best Travel","publisher":{"@id":"https:\/\/tourinbrazil.com\/es\/#organization"},"alternateName":"Tour in Brazil","potentialAction":[{"@type":"SearchAction","target":{"@type":"EntryPoint","urlTemplate":"https:\/\/tourinbrazil.com\/es\/?s={search_term_string}"},"query-input":{"@type":"PropertyValueSpecification","valueRequired":true,"valueName":"search_term_string"}}],"inLanguage":"es"},{"@type":"Organization","@id":"https:\/\/tourinbrazil.com\/es\/#organization","name":"Tour in Brazil","alternateName":"Tour in Brazil","url":"https:\/\/tourinbrazil.com\/es\/","logo":{"@type":"ImageObject","inLanguage":"es","@id":"https:\/\/tourinbrazil.com\/es\/#\/schema\/logo\/image\/","url":"https:\/\/tourinbrazil.com\/wp-content\/uploads\/2025\/10\/icon-tour-atualizado.png","contentUrl":"https:\/\/tourinbrazil.com\/wp-content\/uploads\/2025\/10\/icon-tour-atualizado.png","width":100,"height":146,"caption":"Tour in Brazil"},"image":{"@id":"https:\/\/tourinbrazil.com\/es\/#\/schema\/logo\/image\/"}}]}},"_links":{"self":[{"href":"https:\/\/tourinbrazil.com\/es\/wp-json\/wp\/v2\/product\/12160","targetHints":{"allow":["GET"]}}],"collection":[{"href":"https:\/\/tourinbrazil.com\/es\/wp-json\/wp\/v2\/product"}],"about":[{"href":"https:\/\/tourinbrazil.com\/es\/wp-json\/wp\/v2\/types\/product"}],"version-history":[{"count":1,"href":"https:\/\/tourinbrazil.com\/es\/wp-json\/wp\/v2\/product\/12160\/revisions"}],"predecessor-version":[{"id":12164,"href":"https:\/\/tourinbrazil.com\/es\/wp-json\/wp\/v2\/product\/12160\/revisions\/12164"}],"wp:featuredmedia":[{"embeddable":true,"href":"https:\/\/tourinbrazil.com\/es\/wp-json\/wp\/v2\/media\/12155"}],"wp:attachment":[{"href":"https:\/\/tourinbrazil.com\/es\/wp-json\/wp\/v2\/media?parent=12160"}],"wp:term":[{"taxonomy":"product_brand","embeddable":true,"href":"https:\/\/tourinbrazil.com\/es\/wp-json\/wp\/v2\/product_brand?post=12160"},{"taxonomy":"product_cat","embeddable":true,"href":"https:\/\/tourinbrazil.com\/es\/wp-json\/wp\/v2\/product_cat?post=12160"},{"taxonomy":"product_tag","embeddable":true,"href":"https:\/\/tourinbrazil.com\/es\/wp-json\/wp\/v2\/product_tag?post=12160"}],"curies":[{"name":"wp","href":"https:\/\/api.w.org\/{rel}","templated":true}]}}