{"id":12079,"date":"2023-05-02T09:42:47","date_gmt":"2023-05-02T07:42:47","guid":{"rendered":"https:\/\/tourinbrazil.com\/produto\/seguro-medico\/"},"modified":"2025-11-16T19:50:32","modified_gmt":"2025-11-16T18:50:32","slug":"seguro-medico","status":"publish","type":"product","link":"https:\/\/tourinbrazil.com\/es\/produto\/seguro-medico\/","title":{"rendered":"Seguro M\u00e9dico<br>"},"content":{"rendered":"\t\t<div data-elementor-type=\"product-post\" data-elementor-id=\"12079\" class=\"elementor elementor-12079 elementor-5966\" data-elementor-post-type=\"product\">\n\t\t\t\t\t\t<section class=\"elementor-section elementor-top-section elementor-element elementor-element-665678d elementor-section-full_width elementor-section-height-default elementor-section-height-default\" data-id=\"665678d\" data-element_type=\"section\" data-e-type=\"section\">\n\t\t\t\t\t\t<div class=\"elementor-container elementor-column-gap-default\">\n\t\t\t\t\t<div class=\"elementor-column elementor-col-100 elementor-top-column elementor-element elementor-element-8fce453\" data-id=\"8fce453\" data-element_type=\"column\" data-e-type=\"column\">\n\t\t\t<div class=\"elementor-widget-wrap elementor-element-populated\">\n\t\t\t\t\t\t<div class=\"elementor-element elementor-element-516e4f7 elementor-widget elementor-widget-heading\" data-id=\"516e4f7\" data-element_type=\"widget\" data-e-type=\"widget\" data-widget_type=\"heading.default\">\n\t\t\t\t\t<p class=\"elementor-heading-title elementor-size-default\">El Seguro M\u00e9dico proporciona cobertura m\u00e9dica y hospitalaria durante tus viajes, protegi\u00e9ndote contra gastos inesperados por accidentes o enfermedades. Viaja con tranquilidad, sabiendo que tendr\u00e1s atenci\u00f3n y soporte siempre que lo necesites. \n\n<\/p>\t\t\t\t<\/div>\n\t\t\t\t\t<\/div>\n\t\t<\/div>\n\t\t\t\t\t<\/div>\n\t\t<\/section>\n\t\t\t\t<\/div>\n\t\t","protected":false},"excerpt":{"rendered":"<p data-start=\"499\" data-end=\"794\">El Seguro M\u00e9dico proporciona cobertura m\u00e9dica y hospitalaria durante tus viajes, protegi\u00e9ndote contra gastos inesperados por accidentes o enfermedades. Viaja con tranquilidad, sabiendo que tendr\u00e1s atenci\u00f3n y soporte siempre que lo necesites. <\/p>\n","protected":false},"featured_media":12078,"template":"","meta":{"_joinchat":[]},"product_brand":[],"product_cat":[179],"product_tag":[],"class_list":{"0":"post-12079","1":"product","2":"type-product","3":"status-publish","4":"has-post-thumbnail","6":"product_cat-viajes","8":"first","9":"instock","10":"shipping-taxable","11":"purchasable","12":"product-type-simple"},"yoast_head":"<!-- This site is optimized with the Yoast SEO plugin v27.0 - https:\/\/yoast.com\/product\/yoast-seo-wordpress\/ -->\n<title>Seguro M\u00e9dico - Tour in Brazil<\/title>\n<meta name=\"robots\" content=\"index, follow, max-snippet:-1, max-image-preview:large, max-video-preview:-1\" \/>\n<link rel=\"canonical\" href=\"https:\/\/tourinbrazil.com\/es\/produto\/seguro-medico\/\" \/>\n<meta property=\"og:locale\" content=\"es_ES\" \/>\n<meta property=\"og:type\" content=\"article\" \/>\n<meta property=\"og:title\" content=\"Seguro M\u00e9dico - Tour in Brazil\" \/>\n<meta property=\"og:description\" content=\"El Seguro M\u00e9dico proporciona cobertura m\u00e9dica y hospitalaria durante tus viajes, protegi\u00e9ndote contra gastos inesperados por accidentes o enfermedades. Viaja con tranquilidad, sabiendo que tendr\u00e1s atenci\u00f3n y soporte siempre que lo necesites.\" \/>\n<meta property=\"og:url\" content=\"https:\/\/tourinbrazil.com\/es\/produto\/seguro-medico\/\" \/>\n<meta property=\"og:site_name\" content=\"Tour in Brazil\" \/>\n<meta property=\"article:modified_time\" content=\"2025-11-16T18:50:32+00:00\" \/>\n<meta property=\"og:image\" content=\"https:\/\/tourinbrazil.com\/wp-content\/uploads\/2023\/05\/Medical-Insurance.jpg\" \/>\n\t<meta property=\"og:image:width\" content=\"1000\" \/>\n\t<meta property=\"og:image:height\" content=\"1000\" \/>\n\t<meta property=\"og:image:type\" content=\"image\/jpeg\" \/>\n<meta name=\"twitter:card\" content=\"summary_large_image\" \/>\n<script type=\"application\/ld+json\" class=\"yoast-schema-graph\">{\"@context\":\"https:\/\/schema.org\",\"@graph\":[{\"@type\":\"WebPage\",\"@id\":\"https:\/\/tourinbrazil.com\/es\/produto\/seguro-medico\/\",\"url\":\"https:\/\/tourinbrazil.com\/es\/produto\/seguro-medico\/\",\"name\":\"Seguro M\u00e9dico - Tour in Brazil\",\"isPartOf\":{\"@id\":\"https:\/\/tourinbrazil.com\/es\/#website\"},\"primaryImageOfPage\":{\"@id\":\"https:\/\/tourinbrazil.com\/es\/produto\/seguro-medico\/#primaryimage\"},\"image\":{\"@id\":\"https:\/\/tourinbrazil.com\/es\/produto\/seguro-medico\/#primaryimage\"},\"thumbnailUrl\":\"https:\/\/tourinbrazil.com\/wp-content\/uploads\/2023\/05\/Medical-Insurance.jpg\",\"datePublished\":\"2023-05-02T07:42:47+00:00\",\"dateModified\":\"2025-11-16T18:50:32+00:00\",\"breadcrumb\":{\"@id\":\"https:\/\/tourinbrazil.com\/es\/produto\/seguro-medico\/#breadcrumb\"},\"inLanguage\":\"es\",\"potentialAction\":[{\"@type\":\"ReadAction\",\"target\":[\"https:\/\/tourinbrazil.com\/es\/produto\/seguro-medico\/\"]}]},{\"@type\":\"ImageObject\",\"inLanguage\":\"es\",\"@id\":\"https:\/\/tourinbrazil.com\/es\/produto\/seguro-medico\/#primaryimage\",\"url\":\"https:\/\/tourinbrazil.com\/wp-content\/uploads\/2023\/05\/Medical-Insurance.jpg\",\"contentUrl\":\"https:\/\/tourinbrazil.com\/wp-content\/uploads\/2023\/05\/Medical-Insurance.jpg\",\"width\":1000,\"height\":1000},{\"@type\":\"BreadcrumbList\",\"@id\":\"https:\/\/tourinbrazil.com\/es\/produto\/seguro-medico\/#breadcrumb\",\"itemListElement\":[{\"@type\":\"ListItem\",\"position\":1,\"name\":\"In\u00edcio\",\"item\":\"https:\/\/tourinbrazil.com\/es\/\"},{\"@type\":\"ListItem\",\"position\":2,\"name\":\"Tienda\",\"item\":\"https:\/\/tourinbrazil.com\/es\/tienda\/\"},{\"@type\":\"ListItem\",\"position\":3,\"name\":\"Seguro M\u00e9dico\"}]},{\"@type\":\"WebSite\",\"@id\":\"https:\/\/tourinbrazil.com\/es\/#website\",\"url\":\"https:\/\/tourinbrazil.com\/es\/\",\"name\":\"Tour in Brazil\",\"description\":\"Enjoy your Best Travel\",\"publisher\":{\"@id\":\"https:\/\/tourinbrazil.com\/es\/#organization\"},\"alternateName\":\"Tour in Brazil\",\"potentialAction\":[{\"@type\":\"SearchAction\",\"target\":{\"@type\":\"EntryPoint\",\"urlTemplate\":\"https:\/\/tourinbrazil.com\/es\/?s={search_term_string}\"},\"query-input\":{\"@type\":\"PropertyValueSpecification\",\"valueRequired\":true,\"valueName\":\"search_term_string\"}}],\"inLanguage\":\"es\"},{\"@type\":\"Organization\",\"@id\":\"https:\/\/tourinbrazil.com\/es\/#organization\",\"name\":\"Tour in Brazil\",\"alternateName\":\"Tour in Brazil\",\"url\":\"https:\/\/tourinbrazil.com\/es\/\",\"logo\":{\"@type\":\"ImageObject\",\"inLanguage\":\"es\",\"@id\":\"https:\/\/tourinbrazil.com\/es\/#\/schema\/logo\/image\/\",\"url\":\"https:\/\/tourinbrazil.com\/wp-content\/uploads\/2025\/10\/icon-tour-atualizado.png\",\"contentUrl\":\"https:\/\/tourinbrazil.com\/wp-content\/uploads\/2025\/10\/icon-tour-atualizado.png\",\"width\":100,\"height\":146,\"caption\":\"Tour in Brazil\"},\"image\":{\"@id\":\"https:\/\/tourinbrazil.com\/es\/#\/schema\/logo\/image\/\"}}]}<\/script>\n<!-- \/ Yoast SEO plugin. -->","yoast_head_json":{"title":"Seguro M\u00e9dico - Tour in Brazil","robots":{"index":"index","follow":"follow","max-snippet":"max-snippet:-1","max-image-preview":"max-image-preview:large","max-video-preview":"max-video-preview:-1"},"canonical":"https:\/\/tourinbrazil.com\/es\/produto\/seguro-medico\/","og_locale":"es_ES","og_type":"article","og_title":"Seguro M\u00e9dico - Tour in Brazil","og_description":"El Seguro M\u00e9dico proporciona cobertura m\u00e9dica y hospitalaria durante tus viajes, protegi\u00e9ndote contra gastos inesperados por accidentes o enfermedades. Viaja con tranquilidad, sabiendo que tendr\u00e1s atenci\u00f3n y soporte siempre que lo necesites.","og_url":"https:\/\/tourinbrazil.com\/es\/produto\/seguro-medico\/","og_site_name":"Tour in Brazil","article_modified_time":"2025-11-16T18:50:32+00:00","og_image":[{"width":1000,"height":1000,"url":"https:\/\/tourinbrazil.com\/wp-content\/uploads\/2023\/05\/Medical-Insurance.jpg","type":"image\/jpeg"}],"twitter_card":"summary_large_image","schema":{"@context":"https:\/\/schema.org","@graph":[{"@type":"WebPage","@id":"https:\/\/tourinbrazil.com\/es\/produto\/seguro-medico\/","url":"https:\/\/tourinbrazil.com\/es\/produto\/seguro-medico\/","name":"Seguro M\u00e9dico - Tour in Brazil","isPartOf":{"@id":"https:\/\/tourinbrazil.com\/es\/#website"},"primaryImageOfPage":{"@id":"https:\/\/tourinbrazil.com\/es\/produto\/seguro-medico\/#primaryimage"},"image":{"@id":"https:\/\/tourinbrazil.com\/es\/produto\/seguro-medico\/#primaryimage"},"thumbnailUrl":"https:\/\/tourinbrazil.com\/wp-content\/uploads\/2023\/05\/Medical-Insurance.jpg","datePublished":"2023-05-02T07:42:47+00:00","dateModified":"2025-11-16T18:50:32+00:00","breadcrumb":{"@id":"https:\/\/tourinbrazil.com\/es\/produto\/seguro-medico\/#breadcrumb"},"inLanguage":"es","potentialAction":[{"@type":"ReadAction","target":["https:\/\/tourinbrazil.com\/es\/produto\/seguro-medico\/"]}]},{"@type":"ImageObject","inLanguage":"es","@id":"https:\/\/tourinbrazil.com\/es\/produto\/seguro-medico\/#primaryimage","url":"https:\/\/tourinbrazil.com\/wp-content\/uploads\/2023\/05\/Medical-Insurance.jpg","contentUrl":"https:\/\/tourinbrazil.com\/wp-content\/uploads\/2023\/05\/Medical-Insurance.jpg","width":1000,"height":1000},{"@type":"BreadcrumbList","@id":"https:\/\/tourinbrazil.com\/es\/produto\/seguro-medico\/#breadcrumb","itemListElement":[{"@type":"ListItem","position":1,"name":"In\u00edcio","item":"https:\/\/tourinbrazil.com\/es\/"},{"@type":"ListItem","position":2,"name":"Tienda","item":"https:\/\/tourinbrazil.com\/es\/tienda\/"},{"@type":"ListItem","position":3,"name":"Seguro M\u00e9dico"}]},{"@type":"WebSite","@id":"https:\/\/tourinbrazil.com\/es\/#website","url":"https:\/\/tourinbrazil.com\/es\/","name":"Tour in Brazil","description":"Enjoy your Best Travel","publisher":{"@id":"https:\/\/tourinbrazil.com\/es\/#organization"},"alternateName":"Tour in Brazil","potentialAction":[{"@type":"SearchAction","target":{"@type":"EntryPoint","urlTemplate":"https:\/\/tourinbrazil.com\/es\/?s={search_term_string}"},"query-input":{"@type":"PropertyValueSpecification","valueRequired":true,"valueName":"search_term_string"}}],"inLanguage":"es"},{"@type":"Organization","@id":"https:\/\/tourinbrazil.com\/es\/#organization","name":"Tour in Brazil","alternateName":"Tour in Brazil","url":"https:\/\/tourinbrazil.com\/es\/","logo":{"@type":"ImageObject","inLanguage":"es","@id":"https:\/\/tourinbrazil.com\/es\/#\/schema\/logo\/image\/","url":"https:\/\/tourinbrazil.com\/wp-content\/uploads\/2025\/10\/icon-tour-atualizado.png","contentUrl":"https:\/\/tourinbrazil.com\/wp-content\/uploads\/2025\/10\/icon-tour-atualizado.png","width":100,"height":146,"caption":"Tour in Brazil"},"image":{"@id":"https:\/\/tourinbrazil.com\/es\/#\/schema\/logo\/image\/"}}]}},"_links":{"self":[{"href":"https:\/\/tourinbrazil.com\/es\/wp-json\/wp\/v2\/product\/12079","targetHints":{"allow":["GET"]}}],"collection":[{"href":"https:\/\/tourinbrazil.com\/es\/wp-json\/wp\/v2\/product"}],"about":[{"href":"https:\/\/tourinbrazil.com\/es\/wp-json\/wp\/v2\/types\/product"}],"version-history":[{"count":1,"href":"https:\/\/tourinbrazil.com\/es\/wp-json\/wp\/v2\/product\/12079\/revisions"}],"predecessor-version":[{"id":12080,"href":"https:\/\/tourinbrazil.com\/es\/wp-json\/wp\/v2\/product\/12079\/revisions\/12080"}],"wp:featuredmedia":[{"embeddable":true,"href":"https:\/\/tourinbrazil.com\/es\/wp-json\/wp\/v2\/media\/12078"}],"wp:attachment":[{"href":"https:\/\/tourinbrazil.com\/es\/wp-json\/wp\/v2\/media?parent=12079"}],"wp:term":[{"taxonomy":"product_brand","embeddable":true,"href":"https:\/\/tourinbrazil.com\/es\/wp-json\/wp\/v2\/product_brand?post=12079"},{"taxonomy":"product_cat","embeddable":true,"href":"https:\/\/tourinbrazil.com\/es\/wp-json\/wp\/v2\/product_cat?post=12079"},{"taxonomy":"product_tag","embeddable":true,"href":"https:\/\/tourinbrazil.com\/es\/wp-json\/wp\/v2\/product_tag?post=12079"}],"curies":[{"name":"wp","href":"https:\/\/api.w.org\/{rel}","templated":true}]}}