{"id":12063,"date":"2023-05-03T10:14:35","date_gmt":"2023-05-03T08:14:35","guid":{"rendered":"https:\/\/tourinbrazil.com\/produto\/responsabilidad-civil-del-tour-operador\/"},"modified":"2025-11-16T19:48:19","modified_gmt":"2025-11-16T18:48:19","slug":"responsabilidad-civil-del-tour-operador","status":"publish","type":"product","link":"https:\/\/tourinbrazil.com\/es\/produto\/responsabilidad-civil-del-tour-operador\/","title":{"rendered":"Responsabilidad Civil del Tour Operador<br>"},"content":{"rendered":"\t\t<div data-elementor-type=\"product-post\" data-elementor-id=\"12063\" class=\"elementor elementor-12063 elementor-6249\" data-elementor-post-type=\"product\">\n\t\t\t\t\t\t<section class=\"elementor-section elementor-top-section elementor-element elementor-element-8d49518 elementor-section-full_width elementor-section-height-default elementor-section-height-default\" data-id=\"8d49518\" data-element_type=\"section\" data-e-type=\"section\">\n\t\t\t\t\t\t<div class=\"elementor-container elementor-column-gap-default\">\n\t\t\t\t\t<div class=\"elementor-column elementor-col-100 elementor-top-column elementor-element elementor-element-1a4a629\" data-id=\"1a4a629\" data-element_type=\"column\" data-e-type=\"column\">\n\t\t\t<div class=\"elementor-widget-wrap elementor-element-populated\">\n\t\t\t\t\t\t<div class=\"elementor-element elementor-element-0ef1bb3 elementor-widget elementor-widget-heading\" data-id=\"0ef1bb3\" data-element_type=\"widget\" data-e-type=\"widget\" data-widget_type=\"heading.default\">\n\t\t\t\t\t<p class=\"elementor-heading-title elementor-size-default\">El seguro de Responsabilidad Civil del Tour Operador ofrece protecci\u00f3n completa para los tour operadores, cubriendo accidentes, da\u00f1os y eventos inesperados que podr\u00edan generar reclamaciones de clientes durante sus actividades. Opera con confianza, evita p\u00e9rdidas financieras y conc\u00e9ntrate en lo que realmente importa: crear viajes memorables para tus clientes. <\/p>\t\t\t\t<\/div>\n\t\t\t\t\t<\/div>\n\t\t<\/div>\n\t\t\t\t\t<\/div>\n\t\t<\/section>\n\t\t\t\t<\/div>\n\t\t","protected":false},"excerpt":{"rendered":"<p>El seguro de Responsabilidad Civil del Tour Operador ofrece protecci\u00f3n completa para los tour operadores, cubriendo accidentes, da\u00f1os y eventos inesperados que podr\u00edan generar reclamaciones de clientes durante sus actividades. Opera con confianza, evita p\u00e9rdidas financieras y conc\u00e9ntrate en lo que realmente importa: crear viajes memorables para tus clientes. <\/p>\n","protected":false},"featured_media":12062,"template":"","meta":{"_joinchat":[]},"product_brand":[],"product_cat":[179],"product_tag":[],"class_list":{"0":"post-12063","1":"product","2":"type-product","3":"status-publish","4":"has-post-thumbnail","6":"product_cat-viajes","8":"first","9":"instock","10":"shipping-taxable","11":"purchasable","12":"product-type-simple"},"yoast_head":"<!-- This site is optimized with the Yoast SEO plugin v27.0 - https:\/\/yoast.com\/product\/yoast-seo-wordpress\/ -->\n<title>Responsabilidad Civil del Tour Operador - Tour in Brazil<\/title>\n<meta name=\"robots\" content=\"index, follow, max-snippet:-1, max-image-preview:large, max-video-preview:-1\" \/>\n<link rel=\"canonical\" href=\"https:\/\/tourinbrazil.com\/es\/produto\/responsabilidad-civil-del-tour-operador\/\" \/>\n<meta property=\"og:locale\" content=\"es_ES\" \/>\n<meta property=\"og:type\" content=\"article\" \/>\n<meta property=\"og:title\" content=\"Responsabilidad Civil del Tour Operador - Tour in Brazil\" \/>\n<meta property=\"og:description\" content=\"El seguro de Responsabilidad Civil del Tour Operador ofrece protecci\u00f3n completa para los tour operadores, cubriendo accidentes, da\u00f1os y eventos inesperados que podr\u00edan generar reclamaciones de clientes durante sus actividades. Opera con confianza, evita p\u00e9rdidas financieras y conc\u00e9ntrate en lo que realmente importa: crear viajes memorables para tus clientes.\" \/>\n<meta property=\"og:url\" content=\"https:\/\/tourinbrazil.com\/es\/produto\/responsabilidad-civil-del-tour-operador\/\" \/>\n<meta property=\"og:site_name\" content=\"Tour in Brazil\" \/>\n<meta property=\"article:modified_time\" content=\"2025-11-16T18:48:19+00:00\" \/>\n<meta property=\"og:image\" content=\"https:\/\/tourinbrazil.com\/wp-content\/uploads\/2023\/05\/Tour-Operator-Liability.jpg\" \/>\n\t<meta property=\"og:image:width\" content=\"1000\" \/>\n\t<meta property=\"og:image:height\" content=\"1000\" \/>\n\t<meta property=\"og:image:type\" content=\"image\/jpeg\" \/>\n<meta name=\"twitter:card\" content=\"summary_large_image\" \/>\n<script type=\"application\/ld+json\" class=\"yoast-schema-graph\">{\"@context\":\"https:\/\/schema.org\",\"@graph\":[{\"@type\":\"WebPage\",\"@id\":\"https:\/\/tourinbrazil.com\/es\/produto\/responsabilidad-civil-del-tour-operador\/\",\"url\":\"https:\/\/tourinbrazil.com\/es\/produto\/responsabilidad-civil-del-tour-operador\/\",\"name\":\"Responsabilidad Civil del Tour Operador - Tour in Brazil\",\"isPartOf\":{\"@id\":\"https:\/\/tourinbrazil.com\/es\/#website\"},\"primaryImageOfPage\":{\"@id\":\"https:\/\/tourinbrazil.com\/es\/produto\/responsabilidad-civil-del-tour-operador\/#primaryimage\"},\"image\":{\"@id\":\"https:\/\/tourinbrazil.com\/es\/produto\/responsabilidad-civil-del-tour-operador\/#primaryimage\"},\"thumbnailUrl\":\"https:\/\/tourinbrazil.com\/wp-content\/uploads\/2023\/05\/Tour-Operator-Liability.jpg\",\"datePublished\":\"2023-05-03T08:14:35+00:00\",\"dateModified\":\"2025-11-16T18:48:19+00:00\",\"breadcrumb\":{\"@id\":\"https:\/\/tourinbrazil.com\/es\/produto\/responsabilidad-civil-del-tour-operador\/#breadcrumb\"},\"inLanguage\":\"es\",\"potentialAction\":[{\"@type\":\"ReadAction\",\"target\":[\"https:\/\/tourinbrazil.com\/es\/produto\/responsabilidad-civil-del-tour-operador\/\"]}]},{\"@type\":\"ImageObject\",\"inLanguage\":\"es\",\"@id\":\"https:\/\/tourinbrazil.com\/es\/produto\/responsabilidad-civil-del-tour-operador\/#primaryimage\",\"url\":\"https:\/\/tourinbrazil.com\/wp-content\/uploads\/2023\/05\/Tour-Operator-Liability.jpg\",\"contentUrl\":\"https:\/\/tourinbrazil.com\/wp-content\/uploads\/2023\/05\/Tour-Operator-Liability.jpg\",\"width\":1000,\"height\":1000},{\"@type\":\"BreadcrumbList\",\"@id\":\"https:\/\/tourinbrazil.com\/es\/produto\/responsabilidad-civil-del-tour-operador\/#breadcrumb\",\"itemListElement\":[{\"@type\":\"ListItem\",\"position\":1,\"name\":\"In\u00edcio\",\"item\":\"https:\/\/tourinbrazil.com\/es\/\"},{\"@type\":\"ListItem\",\"position\":2,\"name\":\"Tienda\",\"item\":\"https:\/\/tourinbrazil.com\/es\/tienda\/\"},{\"@type\":\"ListItem\",\"position\":3,\"name\":\"Responsabilidad Civil del Tour Operador\"}]},{\"@type\":\"WebSite\",\"@id\":\"https:\/\/tourinbrazil.com\/es\/#website\",\"url\":\"https:\/\/tourinbrazil.com\/es\/\",\"name\":\"Tour in Brazil\",\"description\":\"Enjoy your Best Travel\",\"publisher\":{\"@id\":\"https:\/\/tourinbrazil.com\/es\/#organization\"},\"alternateName\":\"Tour in Brazil\",\"potentialAction\":[{\"@type\":\"SearchAction\",\"target\":{\"@type\":\"EntryPoint\",\"urlTemplate\":\"https:\/\/tourinbrazil.com\/es\/?s={search_term_string}\"},\"query-input\":{\"@type\":\"PropertyValueSpecification\",\"valueRequired\":true,\"valueName\":\"search_term_string\"}}],\"inLanguage\":\"es\"},{\"@type\":\"Organization\",\"@id\":\"https:\/\/tourinbrazil.com\/es\/#organization\",\"name\":\"Tour in Brazil\",\"alternateName\":\"Tour in Brazil\",\"url\":\"https:\/\/tourinbrazil.com\/es\/\",\"logo\":{\"@type\":\"ImageObject\",\"inLanguage\":\"es\",\"@id\":\"https:\/\/tourinbrazil.com\/es\/#\/schema\/logo\/image\/\",\"url\":\"https:\/\/tourinbrazil.com\/wp-content\/uploads\/2025\/10\/icon-tour-atualizado.png\",\"contentUrl\":\"https:\/\/tourinbrazil.com\/wp-content\/uploads\/2025\/10\/icon-tour-atualizado.png\",\"width\":100,\"height\":146,\"caption\":\"Tour in Brazil\"},\"image\":{\"@id\":\"https:\/\/tourinbrazil.com\/es\/#\/schema\/logo\/image\/\"}}]}<\/script>\n<!-- \/ Yoast SEO plugin. -->","yoast_head_json":{"title":"Responsabilidad Civil del Tour Operador - Tour in Brazil","robots":{"index":"index","follow":"follow","max-snippet":"max-snippet:-1","max-image-preview":"max-image-preview:large","max-video-preview":"max-video-preview:-1"},"canonical":"https:\/\/tourinbrazil.com\/es\/produto\/responsabilidad-civil-del-tour-operador\/","og_locale":"es_ES","og_type":"article","og_title":"Responsabilidad Civil del Tour Operador - Tour in Brazil","og_description":"El seguro de Responsabilidad Civil del Tour Operador ofrece protecci\u00f3n completa para los tour operadores, cubriendo accidentes, da\u00f1os y eventos inesperados que podr\u00edan generar reclamaciones de clientes durante sus actividades. Opera con confianza, evita p\u00e9rdidas financieras y conc\u00e9ntrate en lo que realmente importa: crear viajes memorables para tus clientes.","og_url":"https:\/\/tourinbrazil.com\/es\/produto\/responsabilidad-civil-del-tour-operador\/","og_site_name":"Tour in Brazil","article_modified_time":"2025-11-16T18:48:19+00:00","og_image":[{"width":1000,"height":1000,"url":"https:\/\/tourinbrazil.com\/wp-content\/uploads\/2023\/05\/Tour-Operator-Liability.jpg","type":"image\/jpeg"}],"twitter_card":"summary_large_image","schema":{"@context":"https:\/\/schema.org","@graph":[{"@type":"WebPage","@id":"https:\/\/tourinbrazil.com\/es\/produto\/responsabilidad-civil-del-tour-operador\/","url":"https:\/\/tourinbrazil.com\/es\/produto\/responsabilidad-civil-del-tour-operador\/","name":"Responsabilidad Civil del Tour Operador - Tour in Brazil","isPartOf":{"@id":"https:\/\/tourinbrazil.com\/es\/#website"},"primaryImageOfPage":{"@id":"https:\/\/tourinbrazil.com\/es\/produto\/responsabilidad-civil-del-tour-operador\/#primaryimage"},"image":{"@id":"https:\/\/tourinbrazil.com\/es\/produto\/responsabilidad-civil-del-tour-operador\/#primaryimage"},"thumbnailUrl":"https:\/\/tourinbrazil.com\/wp-content\/uploads\/2023\/05\/Tour-Operator-Liability.jpg","datePublished":"2023-05-03T08:14:35+00:00","dateModified":"2025-11-16T18:48:19+00:00","breadcrumb":{"@id":"https:\/\/tourinbrazil.com\/es\/produto\/responsabilidad-civil-del-tour-operador\/#breadcrumb"},"inLanguage":"es","potentialAction":[{"@type":"ReadAction","target":["https:\/\/tourinbrazil.com\/es\/produto\/responsabilidad-civil-del-tour-operador\/"]}]},{"@type":"ImageObject","inLanguage":"es","@id":"https:\/\/tourinbrazil.com\/es\/produto\/responsabilidad-civil-del-tour-operador\/#primaryimage","url":"https:\/\/tourinbrazil.com\/wp-content\/uploads\/2023\/05\/Tour-Operator-Liability.jpg","contentUrl":"https:\/\/tourinbrazil.com\/wp-content\/uploads\/2023\/05\/Tour-Operator-Liability.jpg","width":1000,"height":1000},{"@type":"BreadcrumbList","@id":"https:\/\/tourinbrazil.com\/es\/produto\/responsabilidad-civil-del-tour-operador\/#breadcrumb","itemListElement":[{"@type":"ListItem","position":1,"name":"In\u00edcio","item":"https:\/\/tourinbrazil.com\/es\/"},{"@type":"ListItem","position":2,"name":"Tienda","item":"https:\/\/tourinbrazil.com\/es\/tienda\/"},{"@type":"ListItem","position":3,"name":"Responsabilidad Civil del Tour Operador"}]},{"@type":"WebSite","@id":"https:\/\/tourinbrazil.com\/es\/#website","url":"https:\/\/tourinbrazil.com\/es\/","name":"Tour in Brazil","description":"Enjoy your Best Travel","publisher":{"@id":"https:\/\/tourinbrazil.com\/es\/#organization"},"alternateName":"Tour in Brazil","potentialAction":[{"@type":"SearchAction","target":{"@type":"EntryPoint","urlTemplate":"https:\/\/tourinbrazil.com\/es\/?s={search_term_string}"},"query-input":{"@type":"PropertyValueSpecification","valueRequired":true,"valueName":"search_term_string"}}],"inLanguage":"es"},{"@type":"Organization","@id":"https:\/\/tourinbrazil.com\/es\/#organization","name":"Tour in Brazil","alternateName":"Tour in Brazil","url":"https:\/\/tourinbrazil.com\/es\/","logo":{"@type":"ImageObject","inLanguage":"es","@id":"https:\/\/tourinbrazil.com\/es\/#\/schema\/logo\/image\/","url":"https:\/\/tourinbrazil.com\/wp-content\/uploads\/2025\/10\/icon-tour-atualizado.png","contentUrl":"https:\/\/tourinbrazil.com\/wp-content\/uploads\/2025\/10\/icon-tour-atualizado.png","width":100,"height":146,"caption":"Tour in Brazil"},"image":{"@id":"https:\/\/tourinbrazil.com\/es\/#\/schema\/logo\/image\/"}}]}},"_links":{"self":[{"href":"https:\/\/tourinbrazil.com\/es\/wp-json\/wp\/v2\/product\/12063","targetHints":{"allow":["GET"]}}],"collection":[{"href":"https:\/\/tourinbrazil.com\/es\/wp-json\/wp\/v2\/product"}],"about":[{"href":"https:\/\/tourinbrazil.com\/es\/wp-json\/wp\/v2\/types\/product"}],"version-history":[{"count":1,"href":"https:\/\/tourinbrazil.com\/es\/wp-json\/wp\/v2\/product\/12063\/revisions"}],"predecessor-version":[{"id":12064,"href":"https:\/\/tourinbrazil.com\/es\/wp-json\/wp\/v2\/product\/12063\/revisions\/12064"}],"wp:featuredmedia":[{"embeddable":true,"href":"https:\/\/tourinbrazil.com\/es\/wp-json\/wp\/v2\/media\/12062"}],"wp:attachment":[{"href":"https:\/\/tourinbrazil.com\/es\/wp-json\/wp\/v2\/media?parent=12063"}],"wp:term":[{"taxonomy":"product_brand","embeddable":true,"href":"https:\/\/tourinbrazil.com\/es\/wp-json\/wp\/v2\/product_brand?post=12063"},{"taxonomy":"product_cat","embeddable":true,"href":"https:\/\/tourinbrazil.com\/es\/wp-json\/wp\/v2\/product_cat?post=12063"},{"taxonomy":"product_tag","embeddable":true,"href":"https:\/\/tourinbrazil.com\/es\/wp-json\/wp\/v2\/product_tag?post=12063"}],"curies":[{"name":"wp","href":"https:\/\/api.w.org\/{rel}","templated":true}]}}