{"id":12061,"date":"2023-05-03T10:14:50","date_gmt":"2023-05-03T10:14:50","guid":{"rendered":"https:\/\/tourinbrazil.com\/produto\/seguro-de-equipaje\/"},"modified":"2023-05-03T10:14:50","modified_gmt":"2023-05-03T08:14:50","slug":"seguro-de-equipaje","status":"publish","type":"product","link":"https:\/\/tourinbrazil.com\/es\/produto\/seguro-de-equipaje\/","title":{"rendered":"Seguro de Equipaje<br>"},"content":{"rendered":"<p>El <strong>Seguro de Equipaje<\/strong> proporciona tranquilidad para tus viajes, ofreciendo protecci\u00f3n completa para tu equipaje de principio a fin. Cubre la p\u00e9rdida, el robo, el da\u00f1o o el manejo incorrecto de tus maletas, asegurando asistencia y soporte r\u00e1pidos para resolver cualquier problema inesperado. Viaja con la confianza de que tus pertenencias est\u00e1n protegidas, sin importar tu destino.  <\/p>\n","protected":false},"excerpt":{"rendered":"<p>El Seguro de Equipaje proporciona tranquilidad para tus viajes, ofreciendo protecci\u00f3n completa para tu equipaje de principio a fin. Cubre la p\u00e9rdida, el robo, el da\u00f1o o el manejo incorrecto de tus maletas, asegurando asistencia y soporte r\u00e1pidos para resolver cualquier problema inesperado. Viaja con la confianza de que tus pertenencias est\u00e1n protegidas, sin importar tu destino.  <\/p>\n","protected":false},"featured_media":12060,"template":"","meta":{"_joinchat":[]},"product_brand":[],"product_cat":[179],"product_tag":[],"class_list":{"0":"post-12061","1":"product","2":"type-product","3":"status-publish","4":"has-post-thumbnail","6":"product_cat-viajes","8":"first","9":"instock","10":"shipping-taxable","11":"purchasable","12":"product-type-simple"},"yoast_head":"<!-- This site is optimized with the Yoast SEO plugin v27.0 - https:\/\/yoast.com\/product\/yoast-seo-wordpress\/ -->\n<title>Seguro de Equipaje - Tour in Brazil<\/title>\n<meta name=\"robots\" content=\"index, follow, max-snippet:-1, max-image-preview:large, max-video-preview:-1\" \/>\n<link rel=\"canonical\" href=\"https:\/\/tourinbrazil.com\/es\/produto\/seguro-de-equipaje\/\" \/>\n<meta property=\"og:locale\" content=\"es_ES\" \/>\n<meta property=\"og:type\" content=\"article\" \/>\n<meta property=\"og:title\" content=\"Seguro de Equipaje - Tour in Brazil\" \/>\n<meta property=\"og:description\" content=\"El Seguro de Equipaje proporciona tranquilidad para tus viajes, ofreciendo protecci\u00f3n completa para tu equipaje de principio a fin. Cubre la p\u00e9rdida, el robo, el da\u00f1o o el manejo incorrecto de tus maletas, asegurando asistencia y soporte r\u00e1pidos para resolver cualquier problema inesperado. Viaja con la confianza de que tus pertenencias est\u00e1n protegidas, sin importar tu destino.\" \/>\n<meta property=\"og:url\" content=\"https:\/\/tourinbrazil.com\/es\/produto\/seguro-de-equipaje\/\" \/>\n<meta property=\"og:site_name\" content=\"Tour in Brazil\" \/>\n<meta property=\"og:image\" content=\"https:\/\/tourinbrazil.com\/wp-content\/uploads\/2023\/05\/Baggage-Insurance.jpg\" \/>\n\t<meta property=\"og:image:width\" content=\"1000\" \/>\n\t<meta property=\"og:image:height\" content=\"1000\" \/>\n\t<meta property=\"og:image:type\" content=\"image\/jpeg\" \/>\n<meta name=\"twitter:card\" content=\"summary_large_image\" \/>\n<script type=\"application\/ld+json\" class=\"yoast-schema-graph\">{\"@context\":\"https:\/\/schema.org\",\"@graph\":[{\"@type\":\"WebPage\",\"@id\":\"https:\/\/tourinbrazil.com\/es\/produto\/seguro-de-equipaje\/\",\"url\":\"https:\/\/tourinbrazil.com\/es\/produto\/seguro-de-equipaje\/\",\"name\":\"Seguro de Equipaje - Tour in Brazil\",\"isPartOf\":{\"@id\":\"https:\/\/tourinbrazil.com\/es\/#website\"},\"primaryImageOfPage\":{\"@id\":\"https:\/\/tourinbrazil.com\/es\/produto\/seguro-de-equipaje\/#primaryimage\"},\"image\":{\"@id\":\"https:\/\/tourinbrazil.com\/es\/produto\/seguro-de-equipaje\/#primaryimage\"},\"thumbnailUrl\":\"https:\/\/tourinbrazil.com\/wp-content\/uploads\/2023\/05\/Baggage-Insurance.jpg\",\"datePublished\":\"2023-05-03T10:14:50+00:00\",\"breadcrumb\":{\"@id\":\"https:\/\/tourinbrazil.com\/es\/produto\/seguro-de-equipaje\/#breadcrumb\"},\"inLanguage\":\"es\",\"potentialAction\":[{\"@type\":\"ReadAction\",\"target\":[\"https:\/\/tourinbrazil.com\/es\/produto\/seguro-de-equipaje\/\"]}]},{\"@type\":\"ImageObject\",\"inLanguage\":\"es\",\"@id\":\"https:\/\/tourinbrazil.com\/es\/produto\/seguro-de-equipaje\/#primaryimage\",\"url\":\"https:\/\/tourinbrazil.com\/wp-content\/uploads\/2023\/05\/Baggage-Insurance.jpg\",\"contentUrl\":\"https:\/\/tourinbrazil.com\/wp-content\/uploads\/2023\/05\/Baggage-Insurance.jpg\",\"width\":1000,\"height\":1000},{\"@type\":\"BreadcrumbList\",\"@id\":\"https:\/\/tourinbrazil.com\/es\/produto\/seguro-de-equipaje\/#breadcrumb\",\"itemListElement\":[{\"@type\":\"ListItem\",\"position\":1,\"name\":\"In\u00edcio\",\"item\":\"https:\/\/tourinbrazil.com\/es\/\"},{\"@type\":\"ListItem\",\"position\":2,\"name\":\"Tienda\",\"item\":\"https:\/\/tourinbrazil.com\/es\/tienda\/\"},{\"@type\":\"ListItem\",\"position\":3,\"name\":\"Seguro de Equipaje\"}]},{\"@type\":\"WebSite\",\"@id\":\"https:\/\/tourinbrazil.com\/es\/#website\",\"url\":\"https:\/\/tourinbrazil.com\/es\/\",\"name\":\"Tour in Brazil\",\"description\":\"Enjoy your Best Travel\",\"publisher\":{\"@id\":\"https:\/\/tourinbrazil.com\/es\/#organization\"},\"alternateName\":\"Tour in Brazil\",\"potentialAction\":[{\"@type\":\"SearchAction\",\"target\":{\"@type\":\"EntryPoint\",\"urlTemplate\":\"https:\/\/tourinbrazil.com\/es\/?s={search_term_string}\"},\"query-input\":{\"@type\":\"PropertyValueSpecification\",\"valueRequired\":true,\"valueName\":\"search_term_string\"}}],\"inLanguage\":\"es\"},{\"@type\":\"Organization\",\"@id\":\"https:\/\/tourinbrazil.com\/es\/#organization\",\"name\":\"Tour in Brazil\",\"alternateName\":\"Tour in Brazil\",\"url\":\"https:\/\/tourinbrazil.com\/es\/\",\"logo\":{\"@type\":\"ImageObject\",\"inLanguage\":\"es\",\"@id\":\"https:\/\/tourinbrazil.com\/es\/#\/schema\/logo\/image\/\",\"url\":\"https:\/\/tourinbrazil.com\/wp-content\/uploads\/2025\/10\/icon-tour-atualizado.png\",\"contentUrl\":\"https:\/\/tourinbrazil.com\/wp-content\/uploads\/2025\/10\/icon-tour-atualizado.png\",\"width\":100,\"height\":146,\"caption\":\"Tour in Brazil\"},\"image\":{\"@id\":\"https:\/\/tourinbrazil.com\/es\/#\/schema\/logo\/image\/\"}}]}<\/script>\n<!-- \/ Yoast SEO plugin. -->","yoast_head_json":{"title":"Seguro de Equipaje - Tour in Brazil","robots":{"index":"index","follow":"follow","max-snippet":"max-snippet:-1","max-image-preview":"max-image-preview:large","max-video-preview":"max-video-preview:-1"},"canonical":"https:\/\/tourinbrazil.com\/es\/produto\/seguro-de-equipaje\/","og_locale":"es_ES","og_type":"article","og_title":"Seguro de Equipaje - Tour in Brazil","og_description":"El Seguro de Equipaje proporciona tranquilidad para tus viajes, ofreciendo protecci\u00f3n completa para tu equipaje de principio a fin. Cubre la p\u00e9rdida, el robo, el da\u00f1o o el manejo incorrecto de tus maletas, asegurando asistencia y soporte r\u00e1pidos para resolver cualquier problema inesperado. Viaja con la confianza de que tus pertenencias est\u00e1n protegidas, sin importar tu destino.","og_url":"https:\/\/tourinbrazil.com\/es\/produto\/seguro-de-equipaje\/","og_site_name":"Tour in Brazil","og_image":[{"width":1000,"height":1000,"url":"https:\/\/tourinbrazil.com\/wp-content\/uploads\/2023\/05\/Baggage-Insurance.jpg","type":"image\/jpeg"}],"twitter_card":"summary_large_image","schema":{"@context":"https:\/\/schema.org","@graph":[{"@type":"WebPage","@id":"https:\/\/tourinbrazil.com\/es\/produto\/seguro-de-equipaje\/","url":"https:\/\/tourinbrazil.com\/es\/produto\/seguro-de-equipaje\/","name":"Seguro de Equipaje - Tour in Brazil","isPartOf":{"@id":"https:\/\/tourinbrazil.com\/es\/#website"},"primaryImageOfPage":{"@id":"https:\/\/tourinbrazil.com\/es\/produto\/seguro-de-equipaje\/#primaryimage"},"image":{"@id":"https:\/\/tourinbrazil.com\/es\/produto\/seguro-de-equipaje\/#primaryimage"},"thumbnailUrl":"https:\/\/tourinbrazil.com\/wp-content\/uploads\/2023\/05\/Baggage-Insurance.jpg","datePublished":"2023-05-03T10:14:50+00:00","breadcrumb":{"@id":"https:\/\/tourinbrazil.com\/es\/produto\/seguro-de-equipaje\/#breadcrumb"},"inLanguage":"es","potentialAction":[{"@type":"ReadAction","target":["https:\/\/tourinbrazil.com\/es\/produto\/seguro-de-equipaje\/"]}]},{"@type":"ImageObject","inLanguage":"es","@id":"https:\/\/tourinbrazil.com\/es\/produto\/seguro-de-equipaje\/#primaryimage","url":"https:\/\/tourinbrazil.com\/wp-content\/uploads\/2023\/05\/Baggage-Insurance.jpg","contentUrl":"https:\/\/tourinbrazil.com\/wp-content\/uploads\/2023\/05\/Baggage-Insurance.jpg","width":1000,"height":1000},{"@type":"BreadcrumbList","@id":"https:\/\/tourinbrazil.com\/es\/produto\/seguro-de-equipaje\/#breadcrumb","itemListElement":[{"@type":"ListItem","position":1,"name":"In\u00edcio","item":"https:\/\/tourinbrazil.com\/es\/"},{"@type":"ListItem","position":2,"name":"Tienda","item":"https:\/\/tourinbrazil.com\/es\/tienda\/"},{"@type":"ListItem","position":3,"name":"Seguro de Equipaje"}]},{"@type":"WebSite","@id":"https:\/\/tourinbrazil.com\/es\/#website","url":"https:\/\/tourinbrazil.com\/es\/","name":"Tour in Brazil","description":"Enjoy your Best Travel","publisher":{"@id":"https:\/\/tourinbrazil.com\/es\/#organization"},"alternateName":"Tour in Brazil","potentialAction":[{"@type":"SearchAction","target":{"@type":"EntryPoint","urlTemplate":"https:\/\/tourinbrazil.com\/es\/?s={search_term_string}"},"query-input":{"@type":"PropertyValueSpecification","valueRequired":true,"valueName":"search_term_string"}}],"inLanguage":"es"},{"@type":"Organization","@id":"https:\/\/tourinbrazil.com\/es\/#organization","name":"Tour in Brazil","alternateName":"Tour in Brazil","url":"https:\/\/tourinbrazil.com\/es\/","logo":{"@type":"ImageObject","inLanguage":"es","@id":"https:\/\/tourinbrazil.com\/es\/#\/schema\/logo\/image\/","url":"https:\/\/tourinbrazil.com\/wp-content\/uploads\/2025\/10\/icon-tour-atualizado.png","contentUrl":"https:\/\/tourinbrazil.com\/wp-content\/uploads\/2025\/10\/icon-tour-atualizado.png","width":100,"height":146,"caption":"Tour in Brazil"},"image":{"@id":"https:\/\/tourinbrazil.com\/es\/#\/schema\/logo\/image\/"}}]}},"_links":{"self":[{"href":"https:\/\/tourinbrazil.com\/es\/wp-json\/wp\/v2\/product\/12061","targetHints":{"allow":["GET"]}}],"collection":[{"href":"https:\/\/tourinbrazil.com\/es\/wp-json\/wp\/v2\/product"}],"about":[{"href":"https:\/\/tourinbrazil.com\/es\/wp-json\/wp\/v2\/types\/product"}],"version-history":[{"count":0,"href":"https:\/\/tourinbrazil.com\/es\/wp-json\/wp\/v2\/product\/12061\/revisions"}],"wp:featuredmedia":[{"embeddable":true,"href":"https:\/\/tourinbrazil.com\/es\/wp-json\/wp\/v2\/media\/12060"}],"wp:attachment":[{"href":"https:\/\/tourinbrazil.com\/es\/wp-json\/wp\/v2\/media?parent=12061"}],"wp:term":[{"taxonomy":"product_brand","embeddable":true,"href":"https:\/\/tourinbrazil.com\/es\/wp-json\/wp\/v2\/product_brand?post=12061"},{"taxonomy":"product_cat","embeddable":true,"href":"https:\/\/tourinbrazil.com\/es\/wp-json\/wp\/v2\/product_cat?post=12061"},{"taxonomy":"product_tag","embeddable":true,"href":"https:\/\/tourinbrazil.com\/es\/wp-json\/wp\/v2\/product_tag?post=12061"}],"curies":[{"name":"wp","href":"https:\/\/api.w.org\/{rel}","templated":true}]}}